{"id":1419,"date":"2022-06-09T03:18:26","date_gmt":"2022-06-09T03:18:26","guid":{"rendered":"http:\/\/source.wpopal.com\/kitchor\/?page_id=1419"},"modified":"2025-06-23T15:43:49","modified_gmt":"2025-06-23T15:43:49","slug":"projets","status":"publish","type":"page","link":"https:\/\/archi-t-design.com\/en\/projets\/","title":{"rendered":"Projects"},"content":{"rendered":"<div data-elementor-type=\"wp-page\" data-elementor-id=\"1419\" class=\"elementor elementor-1419\" data-elementor-post-type=\"page\">\n\t\t\t\t\t\t<div class=\"elementor-section elementor-top-section elementor-element elementor-element-74ea13f elementor-section-stretched elementor-section-boxed elementor-section-height-default elementor-section-height-default\" data-id=\"74ea13f\" data-element_type=\"section\" data-e-type=\"section\" data-settings=\"{&quot;stretch_section&quot;:&quot;section-stretched&quot;}\">\n\t\t\t\t\t\t<div class=\"elementor-container elementor-column-gap-no\">\n\t\t\t\t\t<div class=\"elementor-column elementor-col-100 elementor-top-column elementor-element elementor-element-e1ab9f3\" data-id=\"e1ab9f3\" data-element_type=\"column\" data-e-type=\"column\">\n\t\t\t<div class=\"elementor-widget-wrap elementor-element-populated\">\n\t\t\t\t\t\t<div class=\"elementor-element elementor-element-1d56a14 elementor-widget elementor-widget-heading\" data-id=\"1d56a14\" data-element_type=\"widget\" data-e-type=\"widget\" data-widget_type=\"heading.default\">\n\t\t\t\t<div class=\"elementor-widget-container\">\n\t\t\t\t\t<h2 class=\"elementor-heading-title elementor-size-default\">Our Achievements\n<\/h2>\t\t\t\t<\/div>\n\t\t\t\t<\/div>\n\t\t\t\t<div class=\"elementor-element elementor-element-f66f362 elementor-widget-mobile__width-inherit elementor-widget elementor-widget-heading\" data-id=\"f66f362\" data-element_type=\"widget\" data-e-type=\"widget\" data-widget_type=\"heading.default\">\n\t\t\t\t<div class=\"elementor-widget-container\">\n\t\t\t\t\t<h2 class=\"elementor-heading-title elementor-size-default\">Projects that speak for themselves<\/h2>\t\t\t\t<\/div>\n\t\t\t\t<\/div>\n\t\t\t\t<div class=\"elementor-element elementor-element-0bba2dd elementor-widget__width-initial elementor-widget elementor-widget-text-editor\" data-id=\"0bba2dd\" data-element_type=\"widget\" data-e-type=\"widget\" data-widget_type=\"text-editor.default\">\n\t\t\t\t<div class=\"elementor-widget-container\">\n\t\t\t\t\t\t\t\t\t<p>Discover a selection of our architectural projects, layouts, and constructions, reflecting our expertise, creativity, and commitment to sustainable and harmonious spaces.<\/p>\t\t\t\t\t\t\t\t<\/div>\n\t\t\t\t<\/div>\n\t\t\t\t<div class=\"elementor-element elementor-element-ca50d20 elementor-project-align-left project-style-1 arrow-style-1 elementor-widget elementor-widget-kitchor-project\" data-id=\"ca50d20\" data-element_type=\"widget\" data-e-type=\"widget\" data-widget_type=\"kitchor-project.default\">\n\t\t\t\t<div class=\"elementor-widget-container\">\n\t\t\t\t\t        <ul class=\"elementor-project__filters\" data-related=\"isotope-ca50d20\">\n            <li class=\"elementor-project__filter elementor-active all\"\n                data-filter=\".__all\">All<span class=\"count\"><\/span><\/li>\n                                        <li class=\"elementor-project__filter\"\n                    data-filter=\".batiment-institutionnel\">Institutional building                    <span class=\"count\">(0)<\/span><\/li>\n                            <li class=\"elementor-project__filter\"\n                    data-filter=\".lieu-de-culte\">Place of worship                    <span class=\"count\">(1)<\/span><\/li>\n                            <li class=\"elementor-project__filter\"\n                    data-filter=\".logement\">Housing                    <span class=\"count\">(1)<\/span><\/li>\n                        <li class=\"total\">(2)<\/li>\n        <\/ul>\n                <div class=\"elementor-post-wrapper\">\n            <div class=\"isotope-grid row row\" data-elementor-columns-widescreen=\"3\" data-elementor-columns=\"3\" data-elementor-columns-laptop=\"3\" data-elementor-columns-tablet-extra=\"3\" data-elementor-columns-tablet=\"2\" data-elementor-columns-mobile-extra=\"2\" data-elementor-columns-mobile=\"1\">\n                <div class=\"column-item project-entries __all lieu-de-culte\"><article class=\"project post-16245 kitchor_project type-kitchor_project status-publish has-post-thumbnail hentry kitchor_project_cat-lieu-de-culte\">\n    <div class=\"project-inner\">\n        <div class=\"project-post-thumbnail\">\n                            <img fetchpriority=\"high\" decoding=\"async\" width=\"850\" height=\"520\" src=\"https:\/\/archi-t-design.com\/wp-content\/uploads\/2025\/06\/Projet-de-construction-de-la-paroisse-EEC-demana-Dallas-Yaounde-1-850x520.jpg\" class=\"attachment-kitchor-project-grid size-kitchor-project-grid wp-post-image\" alt=\"\" srcset=\"https:\/\/archi-t-design.com\/wp-content\/uploads\/2025\/06\/Projet-de-construction-de-la-paroisse-EEC-demana-Dallas-Yaounde-1-850x520.jpg 850w, https:\/\/archi-t-design.com\/wp-content\/uploads\/2025\/06\/Projet-de-construction-de-la-paroisse-EEC-demana-Dallas-Yaounde-1-18x10.jpg 18w\" sizes=\"(max-width: 850px) 100vw, 850px\" \/>                    <\/div><!-- .post-thumbnail -->\n        <div class=\"project-content\">\n            <h2 class=\"entry-title\"><a href=\"https:\/\/archi-t-design.com\/en\/project\/projet-de-construction-de-la-paroisse-eec-demana-dallas-yaounde\/\">Projet de construction de la paroisse EEC d&#8217;emana Dallas ( Yaound\u00e9 )<\/a><\/h2>\n            <div class=\"project-content-category\">\n                <a href=\"https:\/\/archi-t-design.com\/en\/project-cat\/lieu-de-culte\/\">Place of worship<\/a>            <\/div>\n        <\/div>\n    <\/div>\n<\/article><!-- #post-## -->\n<\/div><div class=\"column-item project-entries __all logement\"><article class=\"project post-16228 kitchor_project type-kitchor_project status-publish has-post-thumbnail hentry kitchor_project_cat-logement\">\n    <div class=\"project-inner\">\n        <div class=\"project-post-thumbnail\">\n                            <img decoding=\"async\" width=\"850\" height=\"520\" src=\"https:\/\/archi-t-design.com\/wp-content\/uploads\/2025\/06\/Projet-dun-duplex-residentie-2-850x520.jpg\" class=\"attachment-kitchor-project-grid size-kitchor-project-grid wp-post-image\" alt=\"\" srcset=\"https:\/\/archi-t-design.com\/wp-content\/uploads\/2025\/06\/Projet-dun-duplex-residentie-2-850x520.jpg 850w, https:\/\/archi-t-design.com\/wp-content\/uploads\/2025\/06\/Projet-dun-duplex-residentie-2-18x10.jpg 18w\" sizes=\"(max-width: 850px) 100vw, 850px\" \/>                    <\/div><!-- .post-thumbnail -->\n        <div class=\"project-content\">\n            <h2 class=\"entry-title\"><a href=\"https:\/\/archi-t-design.com\/en\/project\/projet-dun-duplex-residentiel\/\">Projet d&rsquo;un duplex r\u00e9sidentiel ( Yaound\u00e9 )<\/a><\/h2>\n            <div class=\"project-content-category\">\n                <a href=\"https:\/\/archi-t-design.com\/en\/project-cat\/logement\/\">Housing<\/a>            <\/div>\n        <\/div>\n    <\/div>\n<\/article><!-- #post-## -->\n<\/div><div class=\"column-item project-entries __all\"><article class=\"project post-1939 kitchor_project type-kitchor_project status-publish has-post-thumbnail hentry\">\n    <div class=\"project-inner\">\n        <div class=\"project-post-thumbnail\">\n                            <img decoding=\"async\" width=\"850\" height=\"520\" src=\"https:\/\/archi-t-design.com\/wp-content\/uploads\/2025\/06\/Projet-de-construction-dun-complexe-universitaire-1-850x520.jpg\" class=\"attachment-kitchor-project-grid size-kitchor-project-grid wp-post-image\" alt=\"\" srcset=\"https:\/\/archi-t-design.com\/wp-content\/uploads\/2025\/06\/Projet-de-construction-dun-complexe-universitaire-1-850x520.jpg 850w, https:\/\/archi-t-design.com\/wp-content\/uploads\/2025\/06\/Projet-de-construction-dun-complexe-universitaire-1-18x10.jpg 18w\" sizes=\"(max-width: 850px) 100vw, 850px\" \/>                    <\/div><!-- .post-thumbnail -->\n        <div class=\"project-content\">\n            <h2 class=\"entry-title\"><a href=\"https:\/\/archi-t-design.com\/en\/project\/projet-de-construction-dun-complexe-universitaire-douala\/\">Projet de construction d&rsquo;un complexe universitaire ( Douala )<\/a><\/h2>\n            <div class=\"project-content-category\">\n                            <\/div>\n        <\/div>\n    <\/div>\n<\/article><!-- #post-## -->\n<\/div>            <\/div>\n        <\/div>\n        \t\t\t\t<\/div>\n\t\t\t\t<\/div>\n\t\t\t\t<div class=\"elementor-element elementor-element-1a345d6 elementor-align-center elementor-widget elementor-widget-button\" data-id=\"1a345d6\" data-element_type=\"widget\" data-e-type=\"widget\" data-widget_type=\"button.default\">\n\t\t\t\t<div class=\"elementor-widget-container\">\n\t\t\t\t\t\t\t\t\t<div class=\"elementor-button-wrapper\">\n\t\t\t\t\t<a class=\"elementor-button elementor-button-link elementor-size-sm\" href=\"https:\/\/archi-t-design.com\/en\/contact\/\">\n\t\t\t\t\t\t<span class=\"elementor-button-content-wrapper\">\n\t\t\t\t\t\t<span class=\"elementor-button-icon\">\n\t\t\t\t<i aria-hidden=\"true\" class=\"kitchor-icon- kitchor-icon-long-arrow-right\"><\/i>\t\t\t<\/span>\n\t\t\t\t\t\t\t\t\t<span class=\"elementor-button-text\">Make an appointment<\/span>\n\t\t\t\t\t<\/span>\n\t\t\t\t\t<\/a>\n\t\t\t\t<\/div>\n\t\t\t\t\t\t\t\t<\/div>\n\t\t\t\t<\/div>\n\t\t\t\t\t<\/div>\n\t\t<\/div>\n\t\t\t\t\t<\/div>\n\t\t<\/div>\n\t\t\t\t<\/div>","protected":false},"excerpt":{"rendered":"<p>Nos r\u00e9alisations Des projets qui parlent d\u2019eux-m\u00eames D\u00e9couvrez une s\u00e9lection de nos projets architecturaux, d\u2019am\u00e9nagements et de constructions, reflet de notre savoir-faire, de notre cr\u00e9ativit\u00e9 et de notre engagement pour des espaces durables et harmonieux. All Bohemian (0) Coastal (0) Minimalist (0) Modern (0) Small Space (0) Top Sellers (0) Vintage (0) (0) Projet de [&hellip;]<\/p>","protected":false},"author":1,"featured_media":0,"parent":0,"menu_order":0,"comment_status":"closed","ping_status":"closed","template":"","meta":{"inline_featured_image":false,"footnotes":""},"class_list":["post-1419","page","type-page","status-publish","hentry"],"yoast_head":"<!-- This site is optimized with the Yoast SEO plugin v27.4 - https:\/\/yoast.com\/product\/yoast-seo-wordpress\/ -->\n<title>Projets - Archi-T-Design<\/title>\n<meta name=\"robots\" content=\"index, follow, max-snippet:-1, max-image-preview:large, max-video-preview:-1\" \/>\n<link rel=\"canonical\" href=\"https:\/\/archi-t-design.com\/en\/projets\/\" \/>\n<meta property=\"og:locale\" content=\"en_US\" \/>\n<meta property=\"og:type\" content=\"article\" \/>\n<meta property=\"og:title\" content=\"Projets - Archi-T-Design\" \/>\n<meta property=\"og:description\" content=\"Nos r\u00e9alisations Des projets qui parlent d\u2019eux-m\u00eames D\u00e9couvrez une s\u00e9lection de nos projets architecturaux, d\u2019am\u00e9nagements et de constructions, reflet de notre savoir-faire, de notre cr\u00e9ativit\u00e9 et de notre engagement pour des espaces durables et harmonieux. All Bohemian (0) Coastal (0) Minimalist (0) Modern (0) Small Space (0) Top Sellers (0) Vintage (0) (0) Projet de [&hellip;]\" \/>\n<meta property=\"og:url\" content=\"https:\/\/archi-t-design.com\/en\/projets\/\" \/>\n<meta property=\"og:site_name\" content=\"Archi-T-Design\" \/>\n<meta property=\"article:publisher\" content=\"https:\/\/www.facebook.com\/share\/1Gi7LDwdM6\/\" \/>\n<meta property=\"article:modified_time\" content=\"2025-06-23T15:43:49+00:00\" \/>\n<meta property=\"og:image\" content=\"https:\/\/archi-t-design.com\/wp-content\/uploads\/2025\/06\/Projet-de-construction-de-la-paroisse-EEC-demana-Dallas-Yaounde-1-850x520.jpg\" \/>\n<meta name=\"twitter:card\" content=\"summary_large_image\" \/>\n<script type=\"application\/ld+json\" class=\"yoast-schema-graph\">{\"@context\":\"https:\\\/\\\/schema.org\",\"@graph\":[{\"@type\":\"WebPage\",\"@id\":\"https:\\\/\\\/archi-t-design.com\\\/projets\\\/\",\"url\":\"https:\\\/\\\/archi-t-design.com\\\/projets\\\/\",\"name\":\"Projets - Archi-T-Design\",\"isPartOf\":{\"@id\":\"https:\\\/\\\/archi-t-design.com\\\/#website\"},\"primaryImageOfPage\":{\"@id\":\"https:\\\/\\\/archi-t-design.com\\\/projets\\\/#primaryimage\"},\"image\":{\"@id\":\"https:\\\/\\\/archi-t-design.com\\\/projets\\\/#primaryimage\"},\"thumbnailUrl\":\"https:\\\/\\\/archi-t-design.com\\\/wp-content\\\/uploads\\\/2025\\\/06\\\/Projet-de-construction-de-la-paroisse-EEC-demana-Dallas-Yaounde-1-850x520.jpg\",\"datePublished\":\"2022-06-09T03:18:26+00:00\",\"dateModified\":\"2025-06-23T15:43:49+00:00\",\"breadcrumb\":{\"@id\":\"https:\\\/\\\/archi-t-design.com\\\/projets\\\/#breadcrumb\"},\"inLanguage\":\"en-US\",\"potentialAction\":[{\"@type\":\"ReadAction\",\"target\":[\"https:\\\/\\\/archi-t-design.com\\\/projets\\\/\"]}]},{\"@type\":\"ImageObject\",\"inLanguage\":\"en-US\",\"@id\":\"https:\\\/\\\/archi-t-design.com\\\/projets\\\/#primaryimage\",\"url\":\"https:\\\/\\\/archi-t-design.com\\\/wp-content\\\/uploads\\\/2025\\\/06\\\/Projet-de-construction-de-la-paroisse-EEC-demana-Dallas-Yaounde-1-850x520.jpg\",\"contentUrl\":\"https:\\\/\\\/archi-t-design.com\\\/wp-content\\\/uploads\\\/2025\\\/06\\\/Projet-de-construction-de-la-paroisse-EEC-demana-Dallas-Yaounde-1-850x520.jpg\"},{\"@type\":\"BreadcrumbList\",\"@id\":\"https:\\\/\\\/archi-t-design.com\\\/projets\\\/#breadcrumb\",\"itemListElement\":[{\"@type\":\"ListItem\",\"position\":1,\"name\":\"Accueil\",\"item\":\"https:\\\/\\\/archi-t-design.com\\\/\"},{\"@type\":\"ListItem\",\"position\":2,\"name\":\"Projets\"}]},{\"@type\":\"WebSite\",\"@id\":\"https:\\\/\\\/archi-t-design.com\\\/#website\",\"url\":\"https:\\\/\\\/archi-t-design.com\\\/\",\"name\":\"Archi-T-Design\",\"description\":\"Our ideal, make your dreams come true\",\"publisher\":{\"@id\":\"https:\\\/\\\/archi-t-design.com\\\/#organization\"},\"potentialAction\":[{\"@type\":\"SearchAction\",\"target\":{\"@type\":\"EntryPoint\",\"urlTemplate\":\"https:\\\/\\\/archi-t-design.com\\\/?s={search_term_string}\"},\"query-input\":{\"@type\":\"PropertyValueSpecification\",\"valueRequired\":true,\"valueName\":\"search_term_string\"}}],\"inLanguage\":\"en-US\"},{\"@type\":\"Organization\",\"@id\":\"https:\\\/\\\/archi-t-design.com\\\/#organization\",\"name\":\"Archi-T-Design\",\"url\":\"https:\\\/\\\/archi-t-design.com\\\/\",\"logo\":{\"@type\":\"ImageObject\",\"inLanguage\":\"en-US\",\"@id\":\"https:\\\/\\\/archi-t-design.com\\\/#\\\/schema\\\/logo\\\/image\\\/\",\"url\":\"https:\\\/\\\/archi-t-design.com\\\/wp-content\\\/uploads\\\/2025\\\/06\\\/Logo-archi-T-design.png\",\"contentUrl\":\"https:\\\/\\\/archi-t-design.com\\\/wp-content\\\/uploads\\\/2025\\\/06\\\/Logo-archi-T-design.png\",\"width\":610,\"height\":222,\"caption\":\"Archi-T-Design\"},\"image\":{\"@id\":\"https:\\\/\\\/archi-t-design.com\\\/#\\\/schema\\\/logo\\\/image\\\/\"},\"sameAs\":[\"https:\\\/\\\/www.facebook.com\\\/share\\\/1Gi7LDwdM6\\\/\"]}]}<\/script>\n<!-- \/ Yoast SEO plugin. -->","yoast_head_json":{"title":"Projets - Archi-T-Design","robots":{"index":"index","follow":"follow","max-snippet":"max-snippet:-1","max-image-preview":"max-image-preview:large","max-video-preview":"max-video-preview:-1"},"canonical":"https:\/\/archi-t-design.com\/en\/projets\/","og_locale":"en_US","og_type":"article","og_title":"Projets - Archi-T-Design","og_description":"Nos r\u00e9alisations Des projets qui parlent d\u2019eux-m\u00eames D\u00e9couvrez une s\u00e9lection de nos projets architecturaux, d\u2019am\u00e9nagements et de constructions, reflet de notre savoir-faire, de notre cr\u00e9ativit\u00e9 et de notre engagement pour des espaces durables et harmonieux. All Bohemian (0) Coastal (0) Minimalist (0) Modern (0) Small Space (0) Top Sellers (0) Vintage (0) (0) Projet de [&hellip;]","og_url":"https:\/\/archi-t-design.com\/en\/projets\/","og_site_name":"Archi-T-Design","article_publisher":"https:\/\/www.facebook.com\/share\/1Gi7LDwdM6\/","article_modified_time":"2025-06-23T15:43:49+00:00","og_image":[{"url":"https:\/\/archi-t-design.com\/wp-content\/uploads\/2025\/06\/Projet-de-construction-de-la-paroisse-EEC-demana-Dallas-Yaounde-1-850x520.jpg","type":"","width":"","height":""}],"twitter_card":"summary_large_image","schema":{"@context":"https:\/\/schema.org","@graph":[{"@type":"WebPage","@id":"https:\/\/archi-t-design.com\/projets\/","url":"https:\/\/archi-t-design.com\/projets\/","name":"Projets - Archi-T-Design","isPartOf":{"@id":"https:\/\/archi-t-design.com\/#website"},"primaryImageOfPage":{"@id":"https:\/\/archi-t-design.com\/projets\/#primaryimage"},"image":{"@id":"https:\/\/archi-t-design.com\/projets\/#primaryimage"},"thumbnailUrl":"https:\/\/archi-t-design.com\/wp-content\/uploads\/2025\/06\/Projet-de-construction-de-la-paroisse-EEC-demana-Dallas-Yaounde-1-850x520.jpg","datePublished":"2022-06-09T03:18:26+00:00","dateModified":"2025-06-23T15:43:49+00:00","breadcrumb":{"@id":"https:\/\/archi-t-design.com\/projets\/#breadcrumb"},"inLanguage":"en-US","potentialAction":[{"@type":"ReadAction","target":["https:\/\/archi-t-design.com\/projets\/"]}]},{"@type":"ImageObject","inLanguage":"en-US","@id":"https:\/\/archi-t-design.com\/projets\/#primaryimage","url":"https:\/\/archi-t-design.com\/wp-content\/uploads\/2025\/06\/Projet-de-construction-de-la-paroisse-EEC-demana-Dallas-Yaounde-1-850x520.jpg","contentUrl":"https:\/\/archi-t-design.com\/wp-content\/uploads\/2025\/06\/Projet-de-construction-de-la-paroisse-EEC-demana-Dallas-Yaounde-1-850x520.jpg"},{"@type":"BreadcrumbList","@id":"https:\/\/archi-t-design.com\/projets\/#breadcrumb","itemListElement":[{"@type":"ListItem","position":1,"name":"Accueil","item":"https:\/\/archi-t-design.com\/"},{"@type":"ListItem","position":2,"name":"Projets"}]},{"@type":"WebSite","@id":"https:\/\/archi-t-design.com\/#website","url":"https:\/\/archi-t-design.com\/","name":"Archi-T-Design","description":"Our ideal, make your dreams come true","publisher":{"@id":"https:\/\/archi-t-design.com\/#organization"},"potentialAction":[{"@type":"SearchAction","target":{"@type":"EntryPoint","urlTemplate":"https:\/\/archi-t-design.com\/?s={search_term_string}"},"query-input":{"@type":"PropertyValueSpecification","valueRequired":true,"valueName":"search_term_string"}}],"inLanguage":"en-US"},{"@type":"Organization","@id":"https:\/\/archi-t-design.com\/#organization","name":"Archi-T-Design","url":"https:\/\/archi-t-design.com\/","logo":{"@type":"ImageObject","inLanguage":"en-US","@id":"https:\/\/archi-t-design.com\/#\/schema\/logo\/image\/","url":"https:\/\/archi-t-design.com\/wp-content\/uploads\/2025\/06\/Logo-archi-T-design.png","contentUrl":"https:\/\/archi-t-design.com\/wp-content\/uploads\/2025\/06\/Logo-archi-T-design.png","width":610,"height":222,"caption":"Archi-T-Design"},"image":{"@id":"https:\/\/archi-t-design.com\/#\/schema\/logo\/image\/"},"sameAs":["https:\/\/www.facebook.com\/share\/1Gi7LDwdM6\/"]}]}},"_links":{"self":[{"href":"https:\/\/archi-t-design.com\/en\/wp-json\/wp\/v2\/pages\/1419","targetHints":{"allow":["GET"]}}],"collection":[{"href":"https:\/\/archi-t-design.com\/en\/wp-json\/wp\/v2\/pages"}],"about":[{"href":"https:\/\/archi-t-design.com\/en\/wp-json\/wp\/v2\/types\/page"}],"author":[{"embeddable":true,"href":"https:\/\/archi-t-design.com\/en\/wp-json\/wp\/v2\/users\/1"}],"replies":[{"embeddable":true,"href":"https:\/\/archi-t-design.com\/en\/wp-json\/wp\/v2\/comments?post=1419"}],"version-history":[{"count":18,"href":"https:\/\/archi-t-design.com\/en\/wp-json\/wp\/v2\/pages\/1419\/revisions"}],"predecessor-version":[{"id":16433,"href":"https:\/\/archi-t-design.com\/en\/wp-json\/wp\/v2\/pages\/1419\/revisions\/16433"}],"wp:attachment":[{"href":"https:\/\/archi-t-design.com\/en\/wp-json\/wp\/v2\/media?parent=1419"}],"curies":[{"name":"wp","href":"https:\/\/api.w.org\/{rel}","templated":true}]}}