{"id":16517,"date":"2025-07-08T09:29:33","date_gmt":"2025-07-08T09:29:33","guid":{"rendered":"https:\/\/archi-t-design.com\/?page_id=16517"},"modified":"2025-07-30T12:10:25","modified_gmt":"2025-07-30T12:10:25","slug":"formation","status":"publish","type":"page","link":"https:\/\/archi-t-design.com\/en\/formation\/","title":{"rendered":"Training"},"content":{"rendered":"<div data-elementor-type=\"wp-page\" data-elementor-id=\"16517\" class=\"elementor elementor-16517\" data-elementor-post-type=\"page\">\n\t\t\t\t\t\t<div class=\"elementor-section elementor-top-section elementor-element elementor-element-14d6437e elementor-section-stretched elementor-section-boxed elementor-section-height-default elementor-section-height-default\" data-id=\"14d6437e\" data-element_type=\"section\" data-e-type=\"section\" data-settings=\"{&quot;stretch_section&quot;:&quot;section-stretched&quot;}\">\n\t\t\t\t\t\t<div class=\"elementor-container elementor-column-gap-no\">\n\t\t\t\t\t<div class=\"elementor-column elementor-col-50 elementor-top-column elementor-element elementor-element-7d14af3c\" data-id=\"7d14af3c\" data-element_type=\"column\" data-e-type=\"column\">\n\t\t\t<div class=\"elementor-widget-wrap elementor-element-populated\">\n\t\t\t\t\t\t<div class=\"elementor-element elementor-element-1f3aba3 elementor-widget elementor-widget-kitchor-service-list\" data-id=\"1f3aba3\" data-element_type=\"widget\" data-e-type=\"widget\" data-widget_type=\"kitchor-service-list.default\">\n\t\t\t\t<div class=\"elementor-widget-container\">\n\t\t\t\t\t        <ul class=\"elementor-service-item-wrapper\">\n                                            <li class=\"service-list\">\n                                        <a href=\"https:\/\/archi-t-design.com\/en\/nos-services\/\">\n                                                <span class=\"service-text\">\n                            Our global offer                        <\/span>\n                        <\/a>                <\/li>\n                                            <li class=\"service-list\">\n                                        <a href=\"https:\/\/archi-t-design.com\/en\/construction-suivi-des-travaux\/\">\n                                                <span class=\"service-text\">\n                            Construction &amp; Project Monitoring                        <\/span>\n                        <\/a>                <\/li>\n                                            <li class=\"service-list\">\n                                        <a href=\"https:\/\/archi-t-design.com\/en\/etude-technique-et-environnementale\/\">\n                                                <span class=\"service-text\">\n                            Technical and Environmental Study                        <\/span>\n                        <\/a>                <\/li>\n                                            <li class=\"service-list active\">\n                                        <a href=\"https:\/\/archi-t-design.com\/en\/formation\/\">\n                                                <span class=\"service-text\">\n                            Training                        <\/span>\n                        <\/a>                <\/li>\n                                            <li class=\"service-list\">\n                                        <a href=\"https:\/\/archi-t-design.com\/en\/conseils\/\">\n                                                <span class=\"service-text\">\n                            Advice                        <\/span>\n                        <\/a>                <\/li>\n                                            <li class=\"service-list\">\n                                        <a href=\"https:\/\/archi-t-design.com\/en\/etude-architecturale\/\">\n                                                <span class=\"service-text\">\n                            Architectural Study                        <\/span>\n                        <\/a>                <\/li>\n                                            <li class=\"service-list\">\n                                        <a href=\"https:\/\/archi-t-design.com\/en\/design-amenagement-interieur\/\">\n                                                <span class=\"service-text\">\n                            Design &amp; interior design                        <\/span>\n                        <\/a>                <\/li>\n                                            <li class=\"service-list\">\n                                        <a href=\"https:\/\/archi-t-design.com\/en\/service-immobilier\/\">\n                                                <span class=\"service-text\">\n                            Real estate service                        <\/span>\n                        <\/a>                <\/li>\n                                            <li class=\"service-list\">\n                                        <a href=\"https:\/\/archi-t-design.com\/en\/prendre-rendez-vous\/\">\n                                                <span class=\"service-text\">\n                            Make an appointment                        <\/span>\n                        <\/a>                <\/li>\n                    <\/ul>\n        \t\t\t\t<\/div>\n\t\t\t\t<\/div>\n\t\t\t\t\t<\/div>\n\t\t<\/div>\n\t\t\t\t<div class=\"elementor-column elementor-col-50 elementor-top-column elementor-element elementor-element-6cfd9006\" data-id=\"6cfd9006\" data-element_type=\"column\" data-e-type=\"column\">\n\t\t\t<div class=\"elementor-widget-wrap elementor-element-populated\">\n\t\t\t\t\t\t<div class=\"elementor-section elementor-inner-section elementor-element elementor-element-7b968431 elementor-section-boxed elementor-section-height-default elementor-section-height-default\" data-id=\"7b968431\" data-element_type=\"section\" data-e-type=\"section\">\n\t\t\t\t\t\t<div class=\"elementor-container elementor-column-gap-no\">\n\t\t\t\t\t<div class=\"elementor-column elementor-col-100 elementor-inner-column elementor-element elementor-element-d29c0eb\" data-id=\"d29c0eb\" data-element_type=\"column\" data-e-type=\"column\">\n\t\t\t<div class=\"elementor-widget-wrap elementor-element-populated\">\n\t\t\t\t\t\t<div class=\"elementor-element elementor-element-682b896f elementor-widget elementor-widget-page-title\" data-id=\"682b896f\" data-element_type=\"widget\" data-e-type=\"widget\" data-settings=\"{&quot;align&quot;:&quot;left&quot;}\" data-widget_type=\"page-title.default\">\n\t\t\t\t<div class=\"elementor-widget-container\">\n\t\t\t\t\t\t\t\n\t\t<div class=\"hfe-page-title hfe-page-title-wrapper elementor-widget-heading\">\n\n\t\t\t\t\t\t\t\t\t\t\t<a href=\"https:\/\/archi-t-design.com\/en\">\n\t\t\t\t\t\t<h2 class=\"elementor-heading-title elementor-size-default\">\n\t\t\t\t\t\t\t\t\n\t\t\t\tTraining  \n\t\t\t<\/h2> \n\t\t\t\t\t\t\t\t\t<\/a>\n\t\t\t\t\t<\/div>\n\t\t\t\t\t\t<\/div>\n\t\t\t\t<\/div>\n\t\t\t\t<div class=\"elementor-element elementor-element-473fc1a9 elementor-widget elementor-widget-text-editor\" data-id=\"473fc1a9\" data-element_type=\"widget\" data-e-type=\"widget\" data-widget_type=\"text-editor.default\">\n\t\t\t\t<div class=\"elementor-widget-container\">\n\t\t\t\t\t\t\t\t\t<p data-start=\"115\" data-end=\"427\">At Archi T. Design, we believe in the transmission of knowledge and the continuous evolution of skills in the architecture, building and design professions. This is why we offer technical and practical training for students, young professionals and enthusiasts in the field.<\/p><p data-start=\"429\" data-end=\"599\">Our training programs are designed to provide concrete learning, supervised by field experts. They cover various themes as needed:<\/p><ul data-start=\"601\" data-end=\"860\"><li data-start=\"601\" data-end=\"671\"><p data-start=\"603\" data-end=\"671\">Initiation to design software (Autocad, Sketchup, Revit, etc.)<\/p><\/li><li data-start=\"672\" data-end=\"746\"><p data-start=\"674\" data-end=\"746\">Introduction to architectural and modeling techniques<\/p><\/li><li data-start=\"747\" data-end=\"801\"><p data-start=\"749\" data-end=\"801\">Understanding the stages of an architectural project<\/p><\/li><li data-start=\"802\" data-end=\"860\"><p data-start=\"804\" data-end=\"860\">Site monitoring and management of a construction project<\/p><\/li><\/ul><p data-start=\"862\" data-end=\"1054\">Each training is oriented towards practice, with real cases, project simulations and personalized advice to effectively prepare participants in the requirements of the profession.<\/p>\t\t\t\t\t\t\t\t<\/div>\n\t\t\t\t<\/div>\n\t\t\t\t<div class=\"elementor-element elementor-element-6a5223c elementor-widget elementor-widget-image\" data-id=\"6a5223c\" data-element_type=\"widget\" data-e-type=\"widget\" data-widget_type=\"image.default\">\n\t\t\t\t<div class=\"elementor-widget-container\">\n\t\t\t\t\t\t\t\t\t\t\t\t\t\t\t<img fetchpriority=\"high\" decoding=\"async\" width=\"955\" height=\"597\" src=\"https:\/\/archi-t-design.com\/wp-content\/uploads\/2025\/07\/ArchiCAD-START-2022-Forme.jpg\" class=\"attachment-full size-full wp-image-16678\" alt=\"\" srcset=\"https:\/\/archi-t-design.com\/wp-content\/uploads\/2025\/07\/ArchiCAD-START-2022-Forme.jpg 955w, https:\/\/archi-t-design.com\/wp-content\/uploads\/2025\/07\/ArchiCAD-START-2022-Forme-300x188.jpg 300w, https:\/\/archi-t-design.com\/wp-content\/uploads\/2025\/07\/ArchiCAD-START-2022-Forme-768x480.jpg 768w, https:\/\/archi-t-design.com\/wp-content\/uploads\/2025\/07\/ArchiCAD-START-2022-Forme-18x12.jpg 18w, https:\/\/archi-t-design.com\/wp-content\/uploads\/2025\/07\/ArchiCAD-START-2022-Forme-800x500.jpg 800w\" sizes=\"(max-width: 955px) 100vw, 955px\" \/>\t\t\t\t\t\t\t\t\t\t\t\t\t\t\t<\/div>\n\t\t\t\t<\/div>\n\t\t\t\t<div class=\"elementor-element elementor-element-454c553 elementor-widget elementor-widget-image\" data-id=\"454c553\" data-element_type=\"widget\" data-e-type=\"widget\" data-widget_type=\"image.default\">\n\t\t\t\t<div class=\"elementor-widget-container\">\n\t\t\t\t\t\t\t\t\t\t\t\t\t\t\t<img decoding=\"async\" width=\"537\" height=\"353\" src=\"https:\/\/archi-t-design.com\/wp-content\/uploads\/2025\/06\/S2.jpg\" class=\"attachment-full size-full wp-image-16471\" alt=\"\" srcset=\"https:\/\/archi-t-design.com\/wp-content\/uploads\/2025\/06\/S2.jpg 537w, https:\/\/archi-t-design.com\/wp-content\/uploads\/2025\/06\/S2-300x197.jpg 300w, https:\/\/archi-t-design.com\/wp-content\/uploads\/2025\/06\/S2-18x12.jpg 18w\" sizes=\"(max-width: 537px) 100vw, 537px\" \/>\t\t\t\t\t\t\t\t\t\t\t\t\t\t\t<\/div>\n\t\t\t\t<\/div>\n\t\t\t\t\t<\/div>\n\t\t<\/div>\n\t\t\t\t\t<\/div>\n\t\t<\/div>\n\t\t\t\t\t<\/div>\n\t\t<\/div>\n\t\t\t\t\t<\/div>\n\t\t<\/div>\n\t\t\t\t<\/div>","protected":false},"excerpt":{"rendered":"<p>Notre Offre Globale Construction &amp; Suivi des Travaux \u00c9tude technique et environnementale Formation Conseils \u00c9tude Architecturale Design &amp; Am\u00e9nagement Int\u00e9rieur Service immobilier Prendre rendez-vous Formation Chez Archi T. Design, nous croyons en la transmission des savoirs et en l\u2019\u00e9volution continue des comp\u00e9tences dans les m\u00e9tiers de l\u2019architecture, du b\u00e2timent et du design. C\u2019est pourquoi nous [&hellip;]<\/p>","protected":false},"author":1,"featured_media":0,"parent":0,"menu_order":0,"comment_status":"closed","ping_status":"closed","template":"","meta":{"inline_featured_image":false,"footnotes":""},"class_list":["post-16517","page","type-page","status-publish","hentry"],"yoast_head":"<!-- This site is optimized with the Yoast SEO plugin v27.4 - https:\/\/yoast.com\/product\/yoast-seo-wordpress\/ -->\n<title>Formation - Archi-T-Design<\/title>\n<meta name=\"robots\" content=\"index, follow, max-snippet:-1, max-image-preview:large, max-video-preview:-1\" \/>\n<link rel=\"canonical\" href=\"https:\/\/archi-t-design.com\/en\/formation\/\" \/>\n<meta property=\"og:locale\" content=\"en_US\" \/>\n<meta property=\"og:type\" content=\"article\" \/>\n<meta property=\"og:title\" content=\"Formation - Archi-T-Design\" \/>\n<meta property=\"og:description\" content=\"Notre Offre Globale Construction &amp; Suivi des Travaux \u00c9tude technique et environnementale Formation Conseils \u00c9tude Architecturale Design &amp; Am\u00e9nagement Int\u00e9rieur Service immobilier Prendre rendez-vous Formation Chez Archi T. Design, nous croyons en la transmission des savoirs et en l\u2019\u00e9volution continue des comp\u00e9tences dans les m\u00e9tiers de l\u2019architecture, du b\u00e2timent et du design. C\u2019est pourquoi nous [&hellip;]\" \/>\n<meta property=\"og:url\" content=\"https:\/\/archi-t-design.com\/en\/formation\/\" \/>\n<meta property=\"og:site_name\" content=\"Archi-T-Design\" \/>\n<meta property=\"article:publisher\" content=\"https:\/\/www.facebook.com\/share\/1Gi7LDwdM6\/\" \/>\n<meta property=\"article:modified_time\" content=\"2025-07-30T12:10:25+00:00\" \/>\n<meta property=\"og:image\" content=\"https:\/\/archi-t-design.com\/wp-content\/uploads\/2025\/07\/ArchiCAD-START-2022-Forme.jpg\" \/>\n\t<meta property=\"og:image:width\" content=\"955\" \/>\n\t<meta property=\"og:image:height\" content=\"597\" \/>\n\t<meta property=\"og:image:type\" content=\"image\/jpeg\" \/>\n<meta name=\"twitter:card\" content=\"summary_large_image\" \/>\n<meta name=\"twitter:label1\" content=\"Est. reading time\" \/>\n\t<meta name=\"twitter:data1\" content=\"1 minute\" \/>\n<script type=\"application\/ld+json\" class=\"yoast-schema-graph\">{\"@context\":\"https:\\\/\\\/schema.org\",\"@graph\":[{\"@type\":\"WebPage\",\"@id\":\"https:\\\/\\\/archi-t-design.com\\\/formation\\\/\",\"url\":\"https:\\\/\\\/archi-t-design.com\\\/formation\\\/\",\"name\":\"Formation - Archi-T-Design\",\"isPartOf\":{\"@id\":\"https:\\\/\\\/archi-t-design.com\\\/#website\"},\"primaryImageOfPage\":{\"@id\":\"https:\\\/\\\/archi-t-design.com\\\/formation\\\/#primaryimage\"},\"image\":{\"@id\":\"https:\\\/\\\/archi-t-design.com\\\/formation\\\/#primaryimage\"},\"thumbnailUrl\":\"https:\\\/\\\/archi-t-design.com\\\/wp-content\\\/uploads\\\/2025\\\/07\\\/ArchiCAD-START-2022-Forme.jpg\",\"datePublished\":\"2025-07-08T09:29:33+00:00\",\"dateModified\":\"2025-07-30T12:10:25+00:00\",\"breadcrumb\":{\"@id\":\"https:\\\/\\\/archi-t-design.com\\\/formation\\\/#breadcrumb\"},\"inLanguage\":\"en-US\",\"potentialAction\":[{\"@type\":\"ReadAction\",\"target\":[\"https:\\\/\\\/archi-t-design.com\\\/formation\\\/\"]}]},{\"@type\":\"ImageObject\",\"inLanguage\":\"en-US\",\"@id\":\"https:\\\/\\\/archi-t-design.com\\\/formation\\\/#primaryimage\",\"url\":\"https:\\\/\\\/archi-t-design.com\\\/wp-content\\\/uploads\\\/2025\\\/07\\\/ArchiCAD-START-2022-Forme.jpg\",\"contentUrl\":\"https:\\\/\\\/archi-t-design.com\\\/wp-content\\\/uploads\\\/2025\\\/07\\\/ArchiCAD-START-2022-Forme.jpg\"},{\"@type\":\"BreadcrumbList\",\"@id\":\"https:\\\/\\\/archi-t-design.com\\\/formation\\\/#breadcrumb\",\"itemListElement\":[{\"@type\":\"ListItem\",\"position\":1,\"name\":\"Accueil\",\"item\":\"https:\\\/\\\/archi-t-design.com\\\/\"},{\"@type\":\"ListItem\",\"position\":2,\"name\":\"Formation\"}]},{\"@type\":\"WebSite\",\"@id\":\"https:\\\/\\\/archi-t-design.com\\\/#website\",\"url\":\"https:\\\/\\\/archi-t-design.com\\\/\",\"name\":\"Archi-T-Design\",\"description\":\"Our ideal, make your dreams come true\",\"publisher\":{\"@id\":\"https:\\\/\\\/archi-t-design.com\\\/#organization\"},\"potentialAction\":[{\"@type\":\"SearchAction\",\"target\":{\"@type\":\"EntryPoint\",\"urlTemplate\":\"https:\\\/\\\/archi-t-design.com\\\/?s={search_term_string}\"},\"query-input\":{\"@type\":\"PropertyValueSpecification\",\"valueRequired\":true,\"valueName\":\"search_term_string\"}}],\"inLanguage\":\"en-US\"},{\"@type\":\"Organization\",\"@id\":\"https:\\\/\\\/archi-t-design.com\\\/#organization\",\"name\":\"Archi-T-Design\",\"url\":\"https:\\\/\\\/archi-t-design.com\\\/\",\"logo\":{\"@type\":\"ImageObject\",\"inLanguage\":\"en-US\",\"@id\":\"https:\\\/\\\/archi-t-design.com\\\/#\\\/schema\\\/logo\\\/image\\\/\",\"url\":\"https:\\\/\\\/archi-t-design.com\\\/wp-content\\\/uploads\\\/2025\\\/06\\\/Logo-archi-T-design.png\",\"contentUrl\":\"https:\\\/\\\/archi-t-design.com\\\/wp-content\\\/uploads\\\/2025\\\/06\\\/Logo-archi-T-design.png\",\"width\":610,\"height\":222,\"caption\":\"Archi-T-Design\"},\"image\":{\"@id\":\"https:\\\/\\\/archi-t-design.com\\\/#\\\/schema\\\/logo\\\/image\\\/\"},\"sameAs\":[\"https:\\\/\\\/www.facebook.com\\\/share\\\/1Gi7LDwdM6\\\/\"]}]}<\/script>\n<!-- \/ Yoast SEO plugin. -->","yoast_head_json":{"title":"Formation - Archi-T-Design","robots":{"index":"index","follow":"follow","max-snippet":"max-snippet:-1","max-image-preview":"max-image-preview:large","max-video-preview":"max-video-preview:-1"},"canonical":"https:\/\/archi-t-design.com\/en\/formation\/","og_locale":"en_US","og_type":"article","og_title":"Formation - Archi-T-Design","og_description":"Notre Offre Globale Construction &amp; Suivi des Travaux \u00c9tude technique et environnementale Formation Conseils \u00c9tude Architecturale Design &amp; Am\u00e9nagement Int\u00e9rieur Service immobilier Prendre rendez-vous Formation Chez Archi T. Design, nous croyons en la transmission des savoirs et en l\u2019\u00e9volution continue des comp\u00e9tences dans les m\u00e9tiers de l\u2019architecture, du b\u00e2timent et du design. C\u2019est pourquoi nous [&hellip;]","og_url":"https:\/\/archi-t-design.com\/en\/formation\/","og_site_name":"Archi-T-Design","article_publisher":"https:\/\/www.facebook.com\/share\/1Gi7LDwdM6\/","article_modified_time":"2025-07-30T12:10:25+00:00","og_image":[{"width":955,"height":597,"url":"https:\/\/archi-t-design.com\/wp-content\/uploads\/2025\/07\/ArchiCAD-START-2022-Forme.jpg","type":"image\/jpeg"}],"twitter_card":"summary_large_image","twitter_misc":{"Est. reading time":"1 minute"},"schema":{"@context":"https:\/\/schema.org","@graph":[{"@type":"WebPage","@id":"https:\/\/archi-t-design.com\/formation\/","url":"https:\/\/archi-t-design.com\/formation\/","name":"Formation - Archi-T-Design","isPartOf":{"@id":"https:\/\/archi-t-design.com\/#website"},"primaryImageOfPage":{"@id":"https:\/\/archi-t-design.com\/formation\/#primaryimage"},"image":{"@id":"https:\/\/archi-t-design.com\/formation\/#primaryimage"},"thumbnailUrl":"https:\/\/archi-t-design.com\/wp-content\/uploads\/2025\/07\/ArchiCAD-START-2022-Forme.jpg","datePublished":"2025-07-08T09:29:33+00:00","dateModified":"2025-07-30T12:10:25+00:00","breadcrumb":{"@id":"https:\/\/archi-t-design.com\/formation\/#breadcrumb"},"inLanguage":"en-US","potentialAction":[{"@type":"ReadAction","target":["https:\/\/archi-t-design.com\/formation\/"]}]},{"@type":"ImageObject","inLanguage":"en-US","@id":"https:\/\/archi-t-design.com\/formation\/#primaryimage","url":"https:\/\/archi-t-design.com\/wp-content\/uploads\/2025\/07\/ArchiCAD-START-2022-Forme.jpg","contentUrl":"https:\/\/archi-t-design.com\/wp-content\/uploads\/2025\/07\/ArchiCAD-START-2022-Forme.jpg"},{"@type":"BreadcrumbList","@id":"https:\/\/archi-t-design.com\/formation\/#breadcrumb","itemListElement":[{"@type":"ListItem","position":1,"name":"Accueil","item":"https:\/\/archi-t-design.com\/"},{"@type":"ListItem","position":2,"name":"Formation"}]},{"@type":"WebSite","@id":"https:\/\/archi-t-design.com\/#website","url":"https:\/\/archi-t-design.com\/","name":"Archi-T-Design","description":"Our ideal, make your dreams come true","publisher":{"@id":"https:\/\/archi-t-design.com\/#organization"},"potentialAction":[{"@type":"SearchAction","target":{"@type":"EntryPoint","urlTemplate":"https:\/\/archi-t-design.com\/?s={search_term_string}"},"query-input":{"@type":"PropertyValueSpecification","valueRequired":true,"valueName":"search_term_string"}}],"inLanguage":"en-US"},{"@type":"Organization","@id":"https:\/\/archi-t-design.com\/#organization","name":"Archi-T-Design","url":"https:\/\/archi-t-design.com\/","logo":{"@type":"ImageObject","inLanguage":"en-US","@id":"https:\/\/archi-t-design.com\/#\/schema\/logo\/image\/","url":"https:\/\/archi-t-design.com\/wp-content\/uploads\/2025\/06\/Logo-archi-T-design.png","contentUrl":"https:\/\/archi-t-design.com\/wp-content\/uploads\/2025\/06\/Logo-archi-T-design.png","width":610,"height":222,"caption":"Archi-T-Design"},"image":{"@id":"https:\/\/archi-t-design.com\/#\/schema\/logo\/image\/"},"sameAs":["https:\/\/www.facebook.com\/share\/1Gi7LDwdM6\/"]}]}},"_links":{"self":[{"href":"https:\/\/archi-t-design.com\/en\/wp-json\/wp\/v2\/pages\/16517","targetHints":{"allow":["GET"]}}],"collection":[{"href":"https:\/\/archi-t-design.com\/en\/wp-json\/wp\/v2\/pages"}],"about":[{"href":"https:\/\/archi-t-design.com\/en\/wp-json\/wp\/v2\/types\/page"}],"author":[{"embeddable":true,"href":"https:\/\/archi-t-design.com\/en\/wp-json\/wp\/v2\/users\/1"}],"replies":[{"embeddable":true,"href":"https:\/\/archi-t-design.com\/en\/wp-json\/wp\/v2\/comments?post=16517"}],"version-history":[{"count":13,"href":"https:\/\/archi-t-design.com\/en\/wp-json\/wp\/v2\/pages\/16517\/revisions"}],"predecessor-version":[{"id":16764,"href":"https:\/\/archi-t-design.com\/en\/wp-json\/wp\/v2\/pages\/16517\/revisions\/16764"}],"wp:attachment":[{"href":"https:\/\/archi-t-design.com\/en\/wp-json\/wp\/v2\/media?parent=16517"}],"curies":[{"name":"wp","href":"https:\/\/api.w.org\/{rel}","templated":true}]}}