{"id":16525,"date":"2025-07-08T09:37:52","date_gmt":"2025-07-08T09:37:52","guid":{"rendered":"https:\/\/archi-t-design.com\/?page_id=16525"},"modified":"2025-07-30T12:08:12","modified_gmt":"2025-07-30T12:08:12","slug":"conseils","status":"publish","type":"page","link":"https:\/\/archi-t-design.com\/en\/conseils\/","title":{"rendered":"advice"},"content":{"rendered":"<div data-elementor-type=\"wp-page\" data-elementor-id=\"16525\" class=\"elementor elementor-16525\" data-elementor-post-type=\"page\">\n\t\t\t\t\t\t<div class=\"elementor-section elementor-top-section elementor-element elementor-element-14d6437e elementor-section-stretched elementor-section-boxed elementor-section-height-default elementor-section-height-default\" data-id=\"14d6437e\" data-element_type=\"section\" data-e-type=\"section\" data-settings=\"{&quot;stretch_section&quot;:&quot;section-stretched&quot;}\">\n\t\t\t\t\t\t<div class=\"elementor-container elementor-column-gap-no\">\n\t\t\t\t\t<div class=\"elementor-column elementor-col-50 elementor-top-column elementor-element elementor-element-7d14af3c\" data-id=\"7d14af3c\" data-element_type=\"column\" data-e-type=\"column\">\n\t\t\t<div class=\"elementor-widget-wrap elementor-element-populated\">\n\t\t\t\t\t\t<div class=\"elementor-element elementor-element-dbb5442 elementor-widget elementor-widget-kitchor-service-list\" data-id=\"dbb5442\" data-element_type=\"widget\" data-e-type=\"widget\" data-widget_type=\"kitchor-service-list.default\">\n\t\t\t\t<div class=\"elementor-widget-container\">\n\t\t\t\t\t        <ul class=\"elementor-service-item-wrapper\">\n                                            <li class=\"service-list\">\n                                        <a href=\"https:\/\/archi-t-design.com\/en\/nos-services\/\">\n                                                <span class=\"service-text\">\n                            Our global offer                        <\/span>\n                        <\/a>                <\/li>\n                                            <li class=\"service-list\">\n                                        <a href=\"https:\/\/archi-t-design.com\/en\/construction-suivi-des-travaux\/\">\n                                                <span class=\"service-text\">\n                            Construction &amp; Project Monitoring                        <\/span>\n                        <\/a>                <\/li>\n                                            <li class=\"service-list\">\n                                        <a href=\"https:\/\/archi-t-design.com\/en\/etude-technique-et-environnementale\/\">\n                                                <span class=\"service-text\">\n                            Technical and Environmental Study                        <\/span>\n                        <\/a>                <\/li>\n                                            <li class=\"service-list\">\n                                        <a href=\"https:\/\/archi-t-design.com\/en\/formation\/\">\n                                                <span class=\"service-text\">\n                            Training                        <\/span>\n                        <\/a>                <\/li>\n                                            <li class=\"service-list active\">\n                                        <a href=\"https:\/\/archi-t-design.com\/en\/conseils\/\">\n                                                <span class=\"service-text\">\n                            Advice                        <\/span>\n                        <\/a>                <\/li>\n                                            <li class=\"service-list\">\n                                        <a href=\"https:\/\/archi-t-design.com\/en\/etude-architecturale\/\">\n                                                <span class=\"service-text\">\n                            Architectural Study                        <\/span>\n                        <\/a>                <\/li>\n                                            <li class=\"service-list\">\n                                        <a href=\"https:\/\/archi-t-design.com\/en\/design-amenagement-interieur\/\">\n                                                <span class=\"service-text\">\n                            Design &amp; interior design                        <\/span>\n                        <\/a>                <\/li>\n                                            <li class=\"service-list\">\n                                        <a href=\"https:\/\/archi-t-design.com\/en\/service-immobilier\/\">\n                                                <span class=\"service-text\">\n                            Real estate service                        <\/span>\n                        <\/a>                <\/li>\n                                            <li class=\"service-list\">\n                                        <a href=\"https:\/\/archi-t-design.com\/en\/prendre-rendez-vous\/\">\n                                                <span class=\"service-text\">\n                            Make an appointment                        <\/span>\n                        <\/a>                <\/li>\n                    <\/ul>\n        \t\t\t\t<\/div>\n\t\t\t\t<\/div>\n\t\t\t\t\t<\/div>\n\t\t<\/div>\n\t\t\t\t<div class=\"elementor-column elementor-col-50 elementor-top-column elementor-element elementor-element-6cfd9006\" data-id=\"6cfd9006\" data-element_type=\"column\" data-e-type=\"column\">\n\t\t\t<div class=\"elementor-widget-wrap elementor-element-populated\">\n\t\t\t\t\t\t<div class=\"elementor-section elementor-inner-section elementor-element elementor-element-7b968431 elementor-section-boxed elementor-section-height-default elementor-section-height-default\" data-id=\"7b968431\" data-element_type=\"section\" data-e-type=\"section\">\n\t\t\t\t\t\t<div class=\"elementor-container elementor-column-gap-no\">\n\t\t\t\t\t<div class=\"elementor-column elementor-col-100 elementor-inner-column elementor-element elementor-element-d29c0eb\" data-id=\"d29c0eb\" data-element_type=\"column\" data-e-type=\"column\">\n\t\t\t<div class=\"elementor-widget-wrap elementor-element-populated\">\n\t\t\t\t\t\t<div class=\"elementor-element elementor-element-682b896f elementor-widget elementor-widget-page-title\" data-id=\"682b896f\" data-element_type=\"widget\" data-e-type=\"widget\" data-settings=\"{&quot;align&quot;:&quot;left&quot;}\" data-widget_type=\"page-title.default\">\n\t\t\t\t<div class=\"elementor-widget-container\">\n\t\t\t\t\t\t\t\n\t\t<div class=\"hfe-page-title hfe-page-title-wrapper elementor-widget-heading\">\n\n\t\t\t\t\t\t\t\t\t\t\t<a href=\"https:\/\/archi-t-design.com\/en\">\n\t\t\t\t\t\t<h2 class=\"elementor-heading-title elementor-size-default\">\n\t\t\t\t\t\t\t\t\n\t\t\t\tadvice  \n\t\t\t<\/h2> \n\t\t\t\t\t\t\t\t\t<\/a>\n\t\t\t\t\t<\/div>\n\t\t\t\t\t\t<\/div>\n\t\t\t\t<\/div>\n\t\t\t\t<div class=\"elementor-element elementor-element-473fc1a9 elementor-widget elementor-widget-text-editor\" data-id=\"473fc1a9\" data-element_type=\"widget\" data-e-type=\"widget\" data-widget_type=\"text-editor.default\">\n\t\t\t\t<div class=\"elementor-widget-container\">\n\t\t\t\t\t\t\t\t\t<p>The advice of an architect to his client are essential to guarantee the success of an architectural project, whether it be construction, renovation or development. These tips cover several areas and steps of the project:<\/p><p><br \/>1. Advice before the project<\/p><p>Before we even draw anything, we help you<br \/>- to clarify your needs and your objectives:<\/p><p>- To define the program: type of building, surface, number of rooms, use.<\/p><p>- To assess the feasibility of the project (technical, regulatory, financial).<\/p><p>- To study the land or the site (orientation, topography, access, nature of the soil, etc.).<\/p><p>\u2013 Advising on the purchase of land or an existing property.<\/p><p><br \/>2. Regulatory advice<\/p><p>We inform you about:<\/p><p>The local urban plan (PLU) and the applicable construction rules.<\/p><p>Administrative procedures: building permit, property certification, town planning certificate ...<\/p><p>The standards in force (security, accessibility, thermal, acoustic, etc.).<\/p><p>\u00a0<\/p><p>3. Aesthetic and functional advice<\/p><p>We guide you through:<\/p><p>The design and design of spaces (organization, light, volumes).<\/p><p>The choice of materials (sustainability, performance, aesthetics).<\/p><p>The adaptation of the project to the environmental and landscaping context.<\/p><p>4. Budget advice<\/p><p>We help you:<\/p><p>Estimate construction or renovation costs.<\/p><p>We adjust the project according to your budget.<\/p><p>The objective is to optimize expenses for a good quality\/price ratio.<\/p><p><br \/>5. Sustainable and eco-friendly advice<\/p><p>Proposals for an energy-efficient building.<\/p><p>Use of ecological or local materials.<\/p><p>Bioclimatic design (orientation, thermal inertia, natural ventilation, etc.).<\/p><p>In summary our advice <br \/>include the strategic, technical, aesthetic, regulatory and financial orientation of the project, to guarantee a harmonious, functional achievement and in accordance with your expectations.<\/p>\t\t\t\t\t\t\t\t<\/div>\n\t\t\t\t<\/div>\n\t\t\t\t<div class=\"elementor-element elementor-element-a01c3e9 elementor-widget elementor-widget-image\" data-id=\"a01c3e9\" data-element_type=\"widget\" data-e-type=\"widget\" data-widget_type=\"image.default\">\n\t\t\t\t<div class=\"elementor-widget-container\">\n\t\t\t\t\t\t\t\t\t\t\t\t\t\t\t<img fetchpriority=\"high\" decoding=\"async\" width=\"1000\" height=\"667\" src=\"https:\/\/archi-t-design.com\/wp-content\/uploads\/2025\/07\/beatsnoop.com-final-M4peWiEG0k.jpg\" class=\"attachment-full size-full wp-image-16683\" alt=\"\" srcset=\"https:\/\/archi-t-design.com\/wp-content\/uploads\/2025\/07\/beatsnoop.com-final-M4peWiEG0k.jpg 1000w, https:\/\/archi-t-design.com\/wp-content\/uploads\/2025\/07\/beatsnoop.com-final-M4peWiEG0k-300x200.jpg 300w, https:\/\/archi-t-design.com\/wp-content\/uploads\/2025\/07\/beatsnoop.com-final-M4peWiEG0k-768x512.jpg 768w, https:\/\/archi-t-design.com\/wp-content\/uploads\/2025\/07\/beatsnoop.com-final-M4peWiEG0k-18x12.jpg 18w, https:\/\/archi-t-design.com\/wp-content\/uploads\/2025\/07\/beatsnoop.com-final-M4peWiEG0k-800x534.jpg 800w\" sizes=\"(max-width: 1000px) 100vw, 1000px\" \/>\t\t\t\t\t\t\t\t\t\t\t\t\t\t\t<\/div>\n\t\t\t\t<\/div>\n\t\t\t\t\t<\/div>\n\t\t<\/div>\n\t\t\t\t\t<\/div>\n\t\t<\/div>\n\t\t\t\t\t<\/div>\n\t\t<\/div>\n\t\t\t\t\t<\/div>\n\t\t<\/div>\n\t\t\t\t<\/div>","protected":false},"excerpt":{"rendered":"<p>Notre Offre Globale Construction &amp; Suivi des Travaux \u00c9tude technique et environnementale Formation Conseils \u00c9tude Architecturale Design &amp; Am\u00e9nagement Int\u00e9rieur Service immobilier Prendre rendez-vous conseils Les conseils d\u2019un architecte \u00e0 son client sont essentiels pour garantir la r\u00e9ussite d\u2019un projet architectural, qu\u2019il s\u2019agisse de construction, de r\u00e9novation ou d\u2019am\u00e9nagement. Ces conseils couvrent plusieurs domaines et [&hellip;]<\/p>","protected":false},"author":1,"featured_media":0,"parent":0,"menu_order":0,"comment_status":"closed","ping_status":"closed","template":"","meta":{"inline_featured_image":false,"footnotes":""},"class_list":["post-16525","page","type-page","status-publish","hentry"],"yoast_head":"<!-- This site is optimized with the Yoast SEO plugin v27.4 - https:\/\/yoast.com\/product\/yoast-seo-wordpress\/ -->\n<title>conseils - Archi-T-Design<\/title>\n<meta name=\"robots\" content=\"index, follow, max-snippet:-1, max-image-preview:large, max-video-preview:-1\" \/>\n<link rel=\"canonical\" href=\"https:\/\/archi-t-design.com\/en\/conseils\/\" \/>\n<meta property=\"og:locale\" content=\"en_US\" \/>\n<meta property=\"og:type\" content=\"article\" \/>\n<meta property=\"og:title\" content=\"conseils - Archi-T-Design\" \/>\n<meta property=\"og:description\" content=\"Notre Offre Globale Construction &amp; Suivi des Travaux \u00c9tude technique et environnementale Formation Conseils \u00c9tude Architecturale Design &amp; Am\u00e9nagement Int\u00e9rieur Service immobilier Prendre rendez-vous conseils Les conseils d\u2019un architecte \u00e0 son client sont essentiels pour garantir la r\u00e9ussite d\u2019un projet architectural, qu\u2019il s\u2019agisse de construction, de r\u00e9novation ou d\u2019am\u00e9nagement. Ces conseils couvrent plusieurs domaines et [&hellip;]\" \/>\n<meta property=\"og:url\" content=\"https:\/\/archi-t-design.com\/en\/conseils\/\" \/>\n<meta property=\"og:site_name\" content=\"Archi-T-Design\" \/>\n<meta property=\"article:publisher\" content=\"https:\/\/www.facebook.com\/share\/1Gi7LDwdM6\/\" \/>\n<meta property=\"article:modified_time\" content=\"2025-07-30T12:08:12+00:00\" \/>\n<meta property=\"og:image\" content=\"https:\/\/archi-t-design.com\/wp-content\/uploads\/2025\/07\/beatsnoop.com-final-M4peWiEG0k.jpg\" \/>\n\t<meta property=\"og:image:width\" content=\"1000\" \/>\n\t<meta property=\"og:image:height\" content=\"667\" \/>\n\t<meta property=\"og:image:type\" content=\"image\/jpeg\" \/>\n<meta name=\"twitter:card\" content=\"summary_large_image\" \/>\n<meta name=\"twitter:label1\" content=\"Est. reading time\" \/>\n\t<meta name=\"twitter:data1\" content=\"2 minutes\" \/>\n<script type=\"application\/ld+json\" class=\"yoast-schema-graph\">{\"@context\":\"https:\\\/\\\/schema.org\",\"@graph\":[{\"@type\":\"WebPage\",\"@id\":\"https:\\\/\\\/archi-t-design.com\\\/conseils\\\/\",\"url\":\"https:\\\/\\\/archi-t-design.com\\\/conseils\\\/\",\"name\":\"conseils - Archi-T-Design\",\"isPartOf\":{\"@id\":\"https:\\\/\\\/archi-t-design.com\\\/#website\"},\"primaryImageOfPage\":{\"@id\":\"https:\\\/\\\/archi-t-design.com\\\/conseils\\\/#primaryimage\"},\"image\":{\"@id\":\"https:\\\/\\\/archi-t-design.com\\\/conseils\\\/#primaryimage\"},\"thumbnailUrl\":\"https:\\\/\\\/archi-t-design.com\\\/wp-content\\\/uploads\\\/2025\\\/07\\\/beatsnoop.com-final-M4peWiEG0k.jpg\",\"datePublished\":\"2025-07-08T09:37:52+00:00\",\"dateModified\":\"2025-07-30T12:08:12+00:00\",\"breadcrumb\":{\"@id\":\"https:\\\/\\\/archi-t-design.com\\\/conseils\\\/#breadcrumb\"},\"inLanguage\":\"en-US\",\"potentialAction\":[{\"@type\":\"ReadAction\",\"target\":[\"https:\\\/\\\/archi-t-design.com\\\/conseils\\\/\"]}]},{\"@type\":\"ImageObject\",\"inLanguage\":\"en-US\",\"@id\":\"https:\\\/\\\/archi-t-design.com\\\/conseils\\\/#primaryimage\",\"url\":\"https:\\\/\\\/archi-t-design.com\\\/wp-content\\\/uploads\\\/2025\\\/07\\\/beatsnoop.com-final-M4peWiEG0k.jpg\",\"contentUrl\":\"https:\\\/\\\/archi-t-design.com\\\/wp-content\\\/uploads\\\/2025\\\/07\\\/beatsnoop.com-final-M4peWiEG0k.jpg\"},{\"@type\":\"BreadcrumbList\",\"@id\":\"https:\\\/\\\/archi-t-design.com\\\/conseils\\\/#breadcrumb\",\"itemListElement\":[{\"@type\":\"ListItem\",\"position\":1,\"name\":\"Accueil\",\"item\":\"https:\\\/\\\/archi-t-design.com\\\/\"},{\"@type\":\"ListItem\",\"position\":2,\"name\":\"conseils\"}]},{\"@type\":\"WebSite\",\"@id\":\"https:\\\/\\\/archi-t-design.com\\\/#website\",\"url\":\"https:\\\/\\\/archi-t-design.com\\\/\",\"name\":\"Archi-T-Design\",\"description\":\"Our ideal, make your dreams come true\",\"publisher\":{\"@id\":\"https:\\\/\\\/archi-t-design.com\\\/#organization\"},\"potentialAction\":[{\"@type\":\"SearchAction\",\"target\":{\"@type\":\"EntryPoint\",\"urlTemplate\":\"https:\\\/\\\/archi-t-design.com\\\/?s={search_term_string}\"},\"query-input\":{\"@type\":\"PropertyValueSpecification\",\"valueRequired\":true,\"valueName\":\"search_term_string\"}}],\"inLanguage\":\"en-US\"},{\"@type\":\"Organization\",\"@id\":\"https:\\\/\\\/archi-t-design.com\\\/#organization\",\"name\":\"Archi-T-Design\",\"url\":\"https:\\\/\\\/archi-t-design.com\\\/\",\"logo\":{\"@type\":\"ImageObject\",\"inLanguage\":\"en-US\",\"@id\":\"https:\\\/\\\/archi-t-design.com\\\/#\\\/schema\\\/logo\\\/image\\\/\",\"url\":\"https:\\\/\\\/archi-t-design.com\\\/wp-content\\\/uploads\\\/2025\\\/06\\\/Logo-archi-T-design.png\",\"contentUrl\":\"https:\\\/\\\/archi-t-design.com\\\/wp-content\\\/uploads\\\/2025\\\/06\\\/Logo-archi-T-design.png\",\"width\":610,\"height\":222,\"caption\":\"Archi-T-Design\"},\"image\":{\"@id\":\"https:\\\/\\\/archi-t-design.com\\\/#\\\/schema\\\/logo\\\/image\\\/\"},\"sameAs\":[\"https:\\\/\\\/www.facebook.com\\\/share\\\/1Gi7LDwdM6\\\/\"]}]}<\/script>\n<!-- \/ Yoast SEO plugin. -->","yoast_head_json":{"title":"conseils - Archi-T-Design","robots":{"index":"index","follow":"follow","max-snippet":"max-snippet:-1","max-image-preview":"max-image-preview:large","max-video-preview":"max-video-preview:-1"},"canonical":"https:\/\/archi-t-design.com\/en\/conseils\/","og_locale":"en_US","og_type":"article","og_title":"conseils - Archi-T-Design","og_description":"Notre Offre Globale Construction &amp; Suivi des Travaux \u00c9tude technique et environnementale Formation Conseils \u00c9tude Architecturale Design &amp; Am\u00e9nagement Int\u00e9rieur Service immobilier Prendre rendez-vous conseils Les conseils d\u2019un architecte \u00e0 son client sont essentiels pour garantir la r\u00e9ussite d\u2019un projet architectural, qu\u2019il s\u2019agisse de construction, de r\u00e9novation ou d\u2019am\u00e9nagement. Ces conseils couvrent plusieurs domaines et [&hellip;]","og_url":"https:\/\/archi-t-design.com\/en\/conseils\/","og_site_name":"Archi-T-Design","article_publisher":"https:\/\/www.facebook.com\/share\/1Gi7LDwdM6\/","article_modified_time":"2025-07-30T12:08:12+00:00","og_image":[{"width":1000,"height":667,"url":"https:\/\/archi-t-design.com\/wp-content\/uploads\/2025\/07\/beatsnoop.com-final-M4peWiEG0k.jpg","type":"image\/jpeg"}],"twitter_card":"summary_large_image","twitter_misc":{"Est. reading time":"2 minutes"},"schema":{"@context":"https:\/\/schema.org","@graph":[{"@type":"WebPage","@id":"https:\/\/archi-t-design.com\/conseils\/","url":"https:\/\/archi-t-design.com\/conseils\/","name":"conseils - Archi-T-Design","isPartOf":{"@id":"https:\/\/archi-t-design.com\/#website"},"primaryImageOfPage":{"@id":"https:\/\/archi-t-design.com\/conseils\/#primaryimage"},"image":{"@id":"https:\/\/archi-t-design.com\/conseils\/#primaryimage"},"thumbnailUrl":"https:\/\/archi-t-design.com\/wp-content\/uploads\/2025\/07\/beatsnoop.com-final-M4peWiEG0k.jpg","datePublished":"2025-07-08T09:37:52+00:00","dateModified":"2025-07-30T12:08:12+00:00","breadcrumb":{"@id":"https:\/\/archi-t-design.com\/conseils\/#breadcrumb"},"inLanguage":"en-US","potentialAction":[{"@type":"ReadAction","target":["https:\/\/archi-t-design.com\/conseils\/"]}]},{"@type":"ImageObject","inLanguage":"en-US","@id":"https:\/\/archi-t-design.com\/conseils\/#primaryimage","url":"https:\/\/archi-t-design.com\/wp-content\/uploads\/2025\/07\/beatsnoop.com-final-M4peWiEG0k.jpg","contentUrl":"https:\/\/archi-t-design.com\/wp-content\/uploads\/2025\/07\/beatsnoop.com-final-M4peWiEG0k.jpg"},{"@type":"BreadcrumbList","@id":"https:\/\/archi-t-design.com\/conseils\/#breadcrumb","itemListElement":[{"@type":"ListItem","position":1,"name":"Accueil","item":"https:\/\/archi-t-design.com\/"},{"@type":"ListItem","position":2,"name":"conseils"}]},{"@type":"WebSite","@id":"https:\/\/archi-t-design.com\/#website","url":"https:\/\/archi-t-design.com\/","name":"Archi-T-Design","description":"Our ideal, make your dreams come true","publisher":{"@id":"https:\/\/archi-t-design.com\/#organization"},"potentialAction":[{"@type":"SearchAction","target":{"@type":"EntryPoint","urlTemplate":"https:\/\/archi-t-design.com\/?s={search_term_string}"},"query-input":{"@type":"PropertyValueSpecification","valueRequired":true,"valueName":"search_term_string"}}],"inLanguage":"en-US"},{"@type":"Organization","@id":"https:\/\/archi-t-design.com\/#organization","name":"Archi-T-Design","url":"https:\/\/archi-t-design.com\/","logo":{"@type":"ImageObject","inLanguage":"en-US","@id":"https:\/\/archi-t-design.com\/#\/schema\/logo\/image\/","url":"https:\/\/archi-t-design.com\/wp-content\/uploads\/2025\/06\/Logo-archi-T-design.png","contentUrl":"https:\/\/archi-t-design.com\/wp-content\/uploads\/2025\/06\/Logo-archi-T-design.png","width":610,"height":222,"caption":"Archi-T-Design"},"image":{"@id":"https:\/\/archi-t-design.com\/#\/schema\/logo\/image\/"},"sameAs":["https:\/\/www.facebook.com\/share\/1Gi7LDwdM6\/"]}]}},"_links":{"self":[{"href":"https:\/\/archi-t-design.com\/en\/wp-json\/wp\/v2\/pages\/16525","targetHints":{"allow":["GET"]}}],"collection":[{"href":"https:\/\/archi-t-design.com\/en\/wp-json\/wp\/v2\/pages"}],"about":[{"href":"https:\/\/archi-t-design.com\/en\/wp-json\/wp\/v2\/types\/page"}],"author":[{"embeddable":true,"href":"https:\/\/archi-t-design.com\/en\/wp-json\/wp\/v2\/users\/1"}],"replies":[{"embeddable":true,"href":"https:\/\/archi-t-design.com\/en\/wp-json\/wp\/v2\/comments?post=16525"}],"version-history":[{"count":16,"href":"https:\/\/archi-t-design.com\/en\/wp-json\/wp\/v2\/pages\/16525\/revisions"}],"predecessor-version":[{"id":16761,"href":"https:\/\/archi-t-design.com\/en\/wp-json\/wp\/v2\/pages\/16525\/revisions\/16761"}],"wp:attachment":[{"href":"https:\/\/archi-t-design.com\/en\/wp-json\/wp\/v2\/media?parent=16525"}],"curies":[{"name":"wp","href":"https:\/\/api.w.org\/{rel}","templated":true}]}}