{"id":16535,"date":"2025-07-08T10:01:44","date_gmt":"2025-07-08T10:01:44","guid":{"rendered":"https:\/\/archi-t-design.com\/?page_id=16535"},"modified":"2025-07-30T12:05:15","modified_gmt":"2025-07-30T12:05:15","slug":"etude-architecturale","status":"publish","type":"page","link":"https:\/\/archi-t-design.com\/en\/etude-architecturale\/","title":{"rendered":"Architectural Study"},"content":{"rendered":"<div data-elementor-type=\"wp-page\" data-elementor-id=\"16535\" class=\"elementor elementor-16535\" data-elementor-post-type=\"page\">\n\t\t\t\t\t\t<div class=\"elementor-section elementor-top-section elementor-element elementor-element-14d6437e elementor-section-stretched elementor-section-boxed elementor-section-height-default elementor-section-height-default\" data-id=\"14d6437e\" data-element_type=\"section\" data-e-type=\"section\" data-settings=\"{&quot;stretch_section&quot;:&quot;section-stretched&quot;}\">\n\t\t\t\t\t\t<div class=\"elementor-container elementor-column-gap-no\">\n\t\t\t\t\t<div class=\"elementor-column elementor-col-50 elementor-top-column elementor-element elementor-element-7d14af3c\" data-id=\"7d14af3c\" data-element_type=\"column\" data-e-type=\"column\">\n\t\t\t<div class=\"elementor-widget-wrap elementor-element-populated\">\n\t\t\t\t\t\t<div class=\"elementor-element elementor-element-7304422 elementor-widget elementor-widget-kitchor-service-list\" data-id=\"7304422\" data-element_type=\"widget\" data-e-type=\"widget\" data-widget_type=\"kitchor-service-list.default\">\n\t\t\t\t<div class=\"elementor-widget-container\">\n\t\t\t\t\t        <ul class=\"elementor-service-item-wrapper\">\n                                            <li class=\"service-list\">\n                                        <a href=\"https:\/\/archi-t-design.com\/en\/nos-services\/\">\n                                                <span class=\"service-text\">\n                            Our global offer                        <\/span>\n                        <\/a>                <\/li>\n                                            <li class=\"service-list\">\n                                        <a href=\"https:\/\/archi-t-design.com\/en\/construction-suivi-des-travaux\/\">\n                                                <span class=\"service-text\">\n                            Construction &amp; Project Monitoring                        <\/span>\n                        <\/a>                <\/li>\n                                            <li class=\"service-list\">\n                                        <a href=\"https:\/\/archi-t-design.com\/en\/etude-technique-et-environnementale\/\">\n                                                <span class=\"service-text\">\n                            Technical and Environmental Study                        <\/span>\n                        <\/a>                <\/li>\n                                            <li class=\"service-list\">\n                                        <a href=\"https:\/\/archi-t-design.com\/en\/formation\/\">\n                                                <span class=\"service-text\">\n                            Training                        <\/span>\n                        <\/a>                <\/li>\n                                            <li class=\"service-list\">\n                                        <a href=\"https:\/\/archi-t-design.com\/en\/conseils\/\">\n                                                <span class=\"service-text\">\n                            Advice                        <\/span>\n                        <\/a>                <\/li>\n                                            <li class=\"service-list active\">\n                                        <a href=\"https:\/\/archi-t-design.com\/en\/etude-architecturale\/\">\n                                                <span class=\"service-text\">\n                            Architectural Study                        <\/span>\n                        <\/a>                <\/li>\n                                            <li class=\"service-list\">\n                                        <a href=\"https:\/\/archi-t-design.com\/en\/design-amenagement-interieur\/\">\n                                                <span class=\"service-text\">\n                            Design &amp; interior design                        <\/span>\n                        <\/a>                <\/li>\n                                            <li class=\"service-list\">\n                                        <a href=\"https:\/\/archi-t-design.com\/en\/service-immobilier\/\">\n                                                <span class=\"service-text\">\n                            Real estate service                        <\/span>\n                        <\/a>                <\/li>\n                                            <li class=\"service-list\">\n                                        <a href=\"https:\/\/archi-t-design.com\/en\/prendre-rendez-vous\/\">\n                                                <span class=\"service-text\">\n                            Make an appointment                        <\/span>\n                        <\/a>                <\/li>\n                    <\/ul>\n        \t\t\t\t<\/div>\n\t\t\t\t<\/div>\n\t\t\t\t\t<\/div>\n\t\t<\/div>\n\t\t\t\t<div class=\"elementor-column elementor-col-50 elementor-top-column elementor-element elementor-element-6cfd9006\" data-id=\"6cfd9006\" data-element_type=\"column\" data-e-type=\"column\">\n\t\t\t<div class=\"elementor-widget-wrap elementor-element-populated\">\n\t\t\t\t\t\t<div class=\"elementor-section elementor-inner-section elementor-element elementor-element-7b968431 elementor-section-boxed elementor-section-height-default elementor-section-height-default\" data-id=\"7b968431\" data-element_type=\"section\" data-e-type=\"section\">\n\t\t\t\t\t\t<div class=\"elementor-container elementor-column-gap-no\">\n\t\t\t\t\t<div class=\"elementor-column elementor-col-100 elementor-inner-column elementor-element elementor-element-d29c0eb\" data-id=\"d29c0eb\" data-element_type=\"column\" data-e-type=\"column\">\n\t\t\t<div class=\"elementor-widget-wrap elementor-element-populated\">\n\t\t\t\t\t\t<div class=\"elementor-element elementor-element-682b896f elementor-widget elementor-widget-page-title\" data-id=\"682b896f\" data-element_type=\"widget\" data-e-type=\"widget\" data-settings=\"{&quot;align&quot;:&quot;left&quot;}\" data-widget_type=\"page-title.default\">\n\t\t\t\t<div class=\"elementor-widget-container\">\n\t\t\t\t\t\t\t\n\t\t<div class=\"hfe-page-title hfe-page-title-wrapper elementor-widget-heading\">\n\n\t\t\t\t\t\t\t\t\t\t\t<a href=\"https:\/\/archi-t-design.com\/en\">\n\t\t\t\t\t\t<h2 class=\"elementor-heading-title elementor-size-default\">\n\t\t\t\t\t\t\t\t\n\t\t\t\tArchitectural Study  \n\t\t\t<\/h2> \n\t\t\t\t\t\t\t\t\t<\/a>\n\t\t\t\t\t<\/div>\n\t\t\t\t\t\t<\/div>\n\t\t\t\t<\/div>\n\t\t\t\t<div class=\"elementor-element elementor-element-473fc1a9 elementor-widget elementor-widget-text-editor\" data-id=\"473fc1a9\" data-element_type=\"widget\" data-e-type=\"widget\" data-widget_type=\"text-editor.default\">\n\t\t\t\t<div class=\"elementor-widget-container\">\n\t\t\t\t\t\t\t\t\t<p>The architectural study consists of producing your plans from start to finish with several exchange meetings between you and us in order to arrive at a result that meets your expectations but above all that meets the standards to guarantee lasting comfort. <br \/>The architectural study begins with a sketch that presents the spatial organization of your project with the different functions, the interrelationship between the different rooms, the surfaces etc... These sketches are presented to you and exchanges follow in order to arrive at a sketch validated by you. Then we move on to the next phase (Summary Preliminary Project) which ends with a model that allows us to visually present what your project will look like at the end of the construction. Once the model has been validated, we move on to the technical phase which consists of producing the structural, electrical and plumbing elements, which will allow your project to stand and function.<\/p>\t\t\t\t\t\t\t\t<\/div>\n\t\t\t\t<\/div>\n\t\t\t\t<div class=\"elementor-element elementor-element-3c2fc60 elementor-widget elementor-widget-image\" data-id=\"3c2fc60\" data-element_type=\"widget\" data-e-type=\"widget\" data-widget_type=\"image.default\">\n\t\t\t\t<div class=\"elementor-widget-container\">\n\t\t\t\t\t\t\t\t\t\t\t\t\t\t\t<img fetchpriority=\"high\" decoding=\"async\" width=\"2362\" height=\"1575\" src=\"https:\/\/archi-t-design.com\/wp-content\/uploads\/2025\/07\/etude-architectural-1-copy.webp\" class=\"attachment-full size-full wp-image-16690\" alt=\"\" srcset=\"https:\/\/archi-t-design.com\/wp-content\/uploads\/2025\/07\/etude-architectural-1-copy.webp 2362w, https:\/\/archi-t-design.com\/wp-content\/uploads\/2025\/07\/etude-architectural-1-copy-300x200.webp 300w, https:\/\/archi-t-design.com\/wp-content\/uploads\/2025\/07\/etude-architectural-1-copy-1024x683.webp 1024w, https:\/\/archi-t-design.com\/wp-content\/uploads\/2025\/07\/etude-architectural-1-copy-768x512.webp 768w, https:\/\/archi-t-design.com\/wp-content\/uploads\/2025\/07\/etude-architectural-1-copy-1536x1024.webp 1536w, https:\/\/archi-t-design.com\/wp-content\/uploads\/2025\/07\/etude-architectural-1-copy-2048x1366.webp 2048w, https:\/\/archi-t-design.com\/wp-content\/uploads\/2025\/07\/etude-architectural-1-copy-18x12.webp 18w, https:\/\/archi-t-design.com\/wp-content\/uploads\/2025\/07\/etude-architectural-1-copy-800x533.webp 800w\" sizes=\"(max-width: 2362px) 100vw, 2362px\" \/>\t\t\t\t\t\t\t\t\t\t\t\t\t\t\t<\/div>\n\t\t\t\t<\/div>\n\t\t\t\t<div class=\"elementor-element elementor-element-ec9c850 elementor-widget elementor-widget-image\" data-id=\"ec9c850\" data-element_type=\"widget\" data-e-type=\"widget\" data-widget_type=\"image.default\">\n\t\t\t\t<div class=\"elementor-widget-container\">\n\t\t\t\t\t\t\t\t\t\t\t\t\t\t\t<img decoding=\"async\" width=\"2362\" height=\"1575\" src=\"https:\/\/archi-t-design.com\/wp-content\/uploads\/2025\/07\/etude-architectural-2-copy.webp\" class=\"attachment-full size-full wp-image-16689\" alt=\"\" srcset=\"https:\/\/archi-t-design.com\/wp-content\/uploads\/2025\/07\/etude-architectural-2-copy.webp 2362w, https:\/\/archi-t-design.com\/wp-content\/uploads\/2025\/07\/etude-architectural-2-copy-300x200.webp 300w, https:\/\/archi-t-design.com\/wp-content\/uploads\/2025\/07\/etude-architectural-2-copy-1024x683.webp 1024w, https:\/\/archi-t-design.com\/wp-content\/uploads\/2025\/07\/etude-architectural-2-copy-768x512.webp 768w, https:\/\/archi-t-design.com\/wp-content\/uploads\/2025\/07\/etude-architectural-2-copy-1536x1024.webp 1536w, https:\/\/archi-t-design.com\/wp-content\/uploads\/2025\/07\/etude-architectural-2-copy-2048x1366.webp 2048w, https:\/\/archi-t-design.com\/wp-content\/uploads\/2025\/07\/etude-architectural-2-copy-18x12.webp 18w, https:\/\/archi-t-design.com\/wp-content\/uploads\/2025\/07\/etude-architectural-2-copy-800x533.webp 800w\" sizes=\"(max-width: 2362px) 100vw, 2362px\" \/>\t\t\t\t\t\t\t\t\t\t\t\t\t\t\t<\/div>\n\t\t\t\t<\/div>\n\t\t\t\t\t<\/div>\n\t\t<\/div>\n\t\t\t\t\t<\/div>\n\t\t<\/div>\n\t\t\t\t\t<\/div>\n\t\t<\/div>\n\t\t\t\t\t<\/div>\n\t\t<\/div>\n\t\t\t\t<\/div>","protected":false},"excerpt":{"rendered":"<p>Notre Offre Globale Construction &amp; Suivi des Travaux \u00c9tude technique et environnementale Formation Conseils \u00c9tude Architecturale Design &amp; Am\u00e9nagement Int\u00e9rieur Service immobilier Prendre rendez-vous \u00c9tude Architecturale L&rsquo;\u00e9tude architecturale consiste \u00e0 vous produire vos plans de bout en bout avec plusieurs rencontres d&rsquo; \u00e9change entre vous et nous afin d&rsquo;arriver a un r\u00e9sultat qui r\u00e9pond \u00e0 [&hellip;]<\/p>","protected":false},"author":1,"featured_media":0,"parent":0,"menu_order":0,"comment_status":"closed","ping_status":"closed","template":"","meta":{"inline_featured_image":false,"footnotes":""},"class_list":["post-16535","page","type-page","status-publish","hentry"],"yoast_head":"<!-- This site is optimized with the Yoast SEO plugin v27.4 - https:\/\/yoast.com\/product\/yoast-seo-wordpress\/ -->\n<title>\u00c9tude Architecturale - Archi-T-Design<\/title>\n<meta name=\"robots\" content=\"index, follow, max-snippet:-1, max-image-preview:large, max-video-preview:-1\" \/>\n<link rel=\"canonical\" href=\"https:\/\/archi-t-design.com\/en\/etude-architecturale\/\" \/>\n<meta property=\"og:locale\" content=\"en_US\" \/>\n<meta property=\"og:type\" content=\"article\" \/>\n<meta property=\"og:title\" content=\"\u00c9tude Architecturale - Archi-T-Design\" \/>\n<meta property=\"og:description\" content=\"Notre Offre Globale Construction &amp; Suivi des Travaux \u00c9tude technique et environnementale Formation Conseils \u00c9tude Architecturale Design &amp; Am\u00e9nagement Int\u00e9rieur Service immobilier Prendre rendez-vous \u00c9tude Architecturale L&rsquo;\u00e9tude architecturale consiste \u00e0 vous produire vos plans de bout en bout avec plusieurs rencontres d&rsquo; \u00e9change entre vous et nous afin d&rsquo;arriver a un r\u00e9sultat qui r\u00e9pond \u00e0 [&hellip;]\" \/>\n<meta property=\"og:url\" content=\"https:\/\/archi-t-design.com\/en\/etude-architecturale\/\" \/>\n<meta property=\"og:site_name\" content=\"Archi-T-Design\" \/>\n<meta property=\"article:publisher\" content=\"https:\/\/www.facebook.com\/share\/1Gi7LDwdM6\/\" \/>\n<meta property=\"article:modified_time\" content=\"2025-07-30T12:05:15+00:00\" \/>\n<meta property=\"og:image\" content=\"https:\/\/archi-t-design.com\/wp-content\/uploads\/2025\/07\/etude-architectural-1-copy.webp\" \/>\n\t<meta property=\"og:image:width\" content=\"2362\" \/>\n\t<meta property=\"og:image:height\" content=\"1575\" \/>\n\t<meta property=\"og:image:type\" content=\"image\/webp\" \/>\n<meta name=\"twitter:card\" content=\"summary_large_image\" \/>\n<meta name=\"twitter:label1\" content=\"Est. reading time\" \/>\n\t<meta name=\"twitter:data1\" content=\"1 minute\" \/>\n<script type=\"application\/ld+json\" class=\"yoast-schema-graph\">{\"@context\":\"https:\\\/\\\/schema.org\",\"@graph\":[{\"@type\":\"WebPage\",\"@id\":\"https:\\\/\\\/archi-t-design.com\\\/etude-architecturale\\\/\",\"url\":\"https:\\\/\\\/archi-t-design.com\\\/etude-architecturale\\\/\",\"name\":\"\u00c9tude Architecturale - Archi-T-Design\",\"isPartOf\":{\"@id\":\"https:\\\/\\\/archi-t-design.com\\\/#website\"},\"primaryImageOfPage\":{\"@id\":\"https:\\\/\\\/archi-t-design.com\\\/etude-architecturale\\\/#primaryimage\"},\"image\":{\"@id\":\"https:\\\/\\\/archi-t-design.com\\\/etude-architecturale\\\/#primaryimage\"},\"thumbnailUrl\":\"https:\\\/\\\/archi-t-design.com\\\/wp-content\\\/uploads\\\/2025\\\/07\\\/etude-architectural-1-copy.webp\",\"datePublished\":\"2025-07-08T10:01:44+00:00\",\"dateModified\":\"2025-07-30T12:05:15+00:00\",\"breadcrumb\":{\"@id\":\"https:\\\/\\\/archi-t-design.com\\\/etude-architecturale\\\/#breadcrumb\"},\"inLanguage\":\"en-US\",\"potentialAction\":[{\"@type\":\"ReadAction\",\"target\":[\"https:\\\/\\\/archi-t-design.com\\\/etude-architecturale\\\/\"]}]},{\"@type\":\"ImageObject\",\"inLanguage\":\"en-US\",\"@id\":\"https:\\\/\\\/archi-t-design.com\\\/etude-architecturale\\\/#primaryimage\",\"url\":\"https:\\\/\\\/archi-t-design.com\\\/wp-content\\\/uploads\\\/2025\\\/07\\\/etude-architectural-1-copy.webp\",\"contentUrl\":\"https:\\\/\\\/archi-t-design.com\\\/wp-content\\\/uploads\\\/2025\\\/07\\\/etude-architectural-1-copy.webp\"},{\"@type\":\"BreadcrumbList\",\"@id\":\"https:\\\/\\\/archi-t-design.com\\\/etude-architecturale\\\/#breadcrumb\",\"itemListElement\":[{\"@type\":\"ListItem\",\"position\":1,\"name\":\"Accueil\",\"item\":\"https:\\\/\\\/archi-t-design.com\\\/\"},{\"@type\":\"ListItem\",\"position\":2,\"name\":\"\u00c9tude Architecturale\"}]},{\"@type\":\"WebSite\",\"@id\":\"https:\\\/\\\/archi-t-design.com\\\/#website\",\"url\":\"https:\\\/\\\/archi-t-design.com\\\/\",\"name\":\"Archi-T-Design\",\"description\":\"Our ideal, make your dreams come true\",\"publisher\":{\"@id\":\"https:\\\/\\\/archi-t-design.com\\\/#organization\"},\"potentialAction\":[{\"@type\":\"SearchAction\",\"target\":{\"@type\":\"EntryPoint\",\"urlTemplate\":\"https:\\\/\\\/archi-t-design.com\\\/?s={search_term_string}\"},\"query-input\":{\"@type\":\"PropertyValueSpecification\",\"valueRequired\":true,\"valueName\":\"search_term_string\"}}],\"inLanguage\":\"en-US\"},{\"@type\":\"Organization\",\"@id\":\"https:\\\/\\\/archi-t-design.com\\\/#organization\",\"name\":\"Archi-T-Design\",\"url\":\"https:\\\/\\\/archi-t-design.com\\\/\",\"logo\":{\"@type\":\"ImageObject\",\"inLanguage\":\"en-US\",\"@id\":\"https:\\\/\\\/archi-t-design.com\\\/#\\\/schema\\\/logo\\\/image\\\/\",\"url\":\"https:\\\/\\\/archi-t-design.com\\\/wp-content\\\/uploads\\\/2025\\\/06\\\/Logo-archi-T-design.png\",\"contentUrl\":\"https:\\\/\\\/archi-t-design.com\\\/wp-content\\\/uploads\\\/2025\\\/06\\\/Logo-archi-T-design.png\",\"width\":610,\"height\":222,\"caption\":\"Archi-T-Design\"},\"image\":{\"@id\":\"https:\\\/\\\/archi-t-design.com\\\/#\\\/schema\\\/logo\\\/image\\\/\"},\"sameAs\":[\"https:\\\/\\\/www.facebook.com\\\/share\\\/1Gi7LDwdM6\\\/\"]}]}<\/script>\n<!-- \/ Yoast SEO plugin. -->","yoast_head_json":{"title":"\u00c9tude Architecturale - Archi-T-Design","robots":{"index":"index","follow":"follow","max-snippet":"max-snippet:-1","max-image-preview":"max-image-preview:large","max-video-preview":"max-video-preview:-1"},"canonical":"https:\/\/archi-t-design.com\/en\/etude-architecturale\/","og_locale":"en_US","og_type":"article","og_title":"\u00c9tude Architecturale - Archi-T-Design","og_description":"Notre Offre Globale Construction &amp; Suivi des Travaux \u00c9tude technique et environnementale Formation Conseils \u00c9tude Architecturale Design &amp; Am\u00e9nagement Int\u00e9rieur Service immobilier Prendre rendez-vous \u00c9tude Architecturale L&rsquo;\u00e9tude architecturale consiste \u00e0 vous produire vos plans de bout en bout avec plusieurs rencontres d&rsquo; \u00e9change entre vous et nous afin d&rsquo;arriver a un r\u00e9sultat qui r\u00e9pond \u00e0 [&hellip;]","og_url":"https:\/\/archi-t-design.com\/en\/etude-architecturale\/","og_site_name":"Archi-T-Design","article_publisher":"https:\/\/www.facebook.com\/share\/1Gi7LDwdM6\/","article_modified_time":"2025-07-30T12:05:15+00:00","og_image":[{"width":2362,"height":1575,"url":"https:\/\/archi-t-design.com\/wp-content\/uploads\/2025\/07\/etude-architectural-1-copy.webp","type":"image\/webp"}],"twitter_card":"summary_large_image","twitter_misc":{"Est. reading time":"1 minute"},"schema":{"@context":"https:\/\/schema.org","@graph":[{"@type":"WebPage","@id":"https:\/\/archi-t-design.com\/etude-architecturale\/","url":"https:\/\/archi-t-design.com\/etude-architecturale\/","name":"\u00c9tude Architecturale - Archi-T-Design","isPartOf":{"@id":"https:\/\/archi-t-design.com\/#website"},"primaryImageOfPage":{"@id":"https:\/\/archi-t-design.com\/etude-architecturale\/#primaryimage"},"image":{"@id":"https:\/\/archi-t-design.com\/etude-architecturale\/#primaryimage"},"thumbnailUrl":"https:\/\/archi-t-design.com\/wp-content\/uploads\/2025\/07\/etude-architectural-1-copy.webp","datePublished":"2025-07-08T10:01:44+00:00","dateModified":"2025-07-30T12:05:15+00:00","breadcrumb":{"@id":"https:\/\/archi-t-design.com\/etude-architecturale\/#breadcrumb"},"inLanguage":"en-US","potentialAction":[{"@type":"ReadAction","target":["https:\/\/archi-t-design.com\/etude-architecturale\/"]}]},{"@type":"ImageObject","inLanguage":"en-US","@id":"https:\/\/archi-t-design.com\/etude-architecturale\/#primaryimage","url":"https:\/\/archi-t-design.com\/wp-content\/uploads\/2025\/07\/etude-architectural-1-copy.webp","contentUrl":"https:\/\/archi-t-design.com\/wp-content\/uploads\/2025\/07\/etude-architectural-1-copy.webp"},{"@type":"BreadcrumbList","@id":"https:\/\/archi-t-design.com\/etude-architecturale\/#breadcrumb","itemListElement":[{"@type":"ListItem","position":1,"name":"Accueil","item":"https:\/\/archi-t-design.com\/"},{"@type":"ListItem","position":2,"name":"\u00c9tude Architecturale"}]},{"@type":"WebSite","@id":"https:\/\/archi-t-design.com\/#website","url":"https:\/\/archi-t-design.com\/","name":"Archi-T-Design","description":"Our ideal, make your dreams come true","publisher":{"@id":"https:\/\/archi-t-design.com\/#organization"},"potentialAction":[{"@type":"SearchAction","target":{"@type":"EntryPoint","urlTemplate":"https:\/\/archi-t-design.com\/?s={search_term_string}"},"query-input":{"@type":"PropertyValueSpecification","valueRequired":true,"valueName":"search_term_string"}}],"inLanguage":"en-US"},{"@type":"Organization","@id":"https:\/\/archi-t-design.com\/#organization","name":"Archi-T-Design","url":"https:\/\/archi-t-design.com\/","logo":{"@type":"ImageObject","inLanguage":"en-US","@id":"https:\/\/archi-t-design.com\/#\/schema\/logo\/image\/","url":"https:\/\/archi-t-design.com\/wp-content\/uploads\/2025\/06\/Logo-archi-T-design.png","contentUrl":"https:\/\/archi-t-design.com\/wp-content\/uploads\/2025\/06\/Logo-archi-T-design.png","width":610,"height":222,"caption":"Archi-T-Design"},"image":{"@id":"https:\/\/archi-t-design.com\/#\/schema\/logo\/image\/"},"sameAs":["https:\/\/www.facebook.com\/share\/1Gi7LDwdM6\/"]}]}},"_links":{"self":[{"href":"https:\/\/archi-t-design.com\/en\/wp-json\/wp\/v2\/pages\/16535","targetHints":{"allow":["GET"]}}],"collection":[{"href":"https:\/\/archi-t-design.com\/en\/wp-json\/wp\/v2\/pages"}],"about":[{"href":"https:\/\/archi-t-design.com\/en\/wp-json\/wp\/v2\/types\/page"}],"author":[{"embeddable":true,"href":"https:\/\/archi-t-design.com\/en\/wp-json\/wp\/v2\/users\/1"}],"replies":[{"embeddable":true,"href":"https:\/\/archi-t-design.com\/en\/wp-json\/wp\/v2\/comments?post=16535"}],"version-history":[{"count":19,"href":"https:\/\/archi-t-design.com\/en\/wp-json\/wp\/v2\/pages\/16535\/revisions"}],"predecessor-version":[{"id":16758,"href":"https:\/\/archi-t-design.com\/en\/wp-json\/wp\/v2\/pages\/16535\/revisions\/16758"}],"wp:attachment":[{"href":"https:\/\/archi-t-design.com\/en\/wp-json\/wp\/v2\/media?parent=16535"}],"curies":[{"name":"wp","href":"https:\/\/api.w.org\/{rel}","templated":true}]}}