{"id":16548,"date":"2025-07-08T10:11:35","date_gmt":"2025-07-08T10:11:35","guid":{"rendered":"https:\/\/archi-t-design.com\/?page_id=16548"},"modified":"2025-07-30T12:00:57","modified_gmt":"2025-07-30T12:00:57","slug":"design-amenagement-interieur","status":"publish","type":"page","link":"https:\/\/archi-t-design.com\/en\/design-amenagement-interieur\/","title":{"rendered":"Design &amp; Interior Layout"},"content":{"rendered":"<div data-elementor-type=\"wp-page\" data-elementor-id=\"16548\" class=\"elementor elementor-16548\" data-elementor-post-type=\"page\">\n\t\t\t\t\t\t<div class=\"elementor-section elementor-top-section elementor-element elementor-element-14d6437e elementor-section-stretched elementor-section-boxed elementor-section-height-default elementor-section-height-default\" data-id=\"14d6437e\" data-element_type=\"section\" data-e-type=\"section\" data-settings=\"{&quot;stretch_section&quot;:&quot;section-stretched&quot;}\">\n\t\t\t\t\t\t<div class=\"elementor-container elementor-column-gap-no\">\n\t\t\t\t\t<div class=\"elementor-column elementor-col-50 elementor-top-column elementor-element elementor-element-7d14af3c\" data-id=\"7d14af3c\" data-element_type=\"column\" data-e-type=\"column\">\n\t\t\t<div class=\"elementor-widget-wrap elementor-element-populated\">\n\t\t\t\t\t\t<div class=\"elementor-element elementor-element-3c14aa9 elementor-widget elementor-widget-kitchor-service-list\" data-id=\"3c14aa9\" data-element_type=\"widget\" data-e-type=\"widget\" data-widget_type=\"kitchor-service-list.default\">\n\t\t\t\t<div class=\"elementor-widget-container\">\n\t\t\t\t\t        <ul class=\"elementor-service-item-wrapper\">\n                                            <li class=\"service-list\">\n                                        <a href=\"https:\/\/archi-t-design.com\/en\/nos-services\/\">\n                                                <span class=\"service-text\">\n                            Our global offer                        <\/span>\n                        <\/a>                <\/li>\n                                            <li class=\"service-list\">\n                                        <a href=\"https:\/\/archi-t-design.com\/en\/construction-suivi-des-travaux\/\">\n                                                <span class=\"service-text\">\n                            Construction &amp; Project Monitoring                        <\/span>\n                        <\/a>                <\/li>\n                                            <li class=\"service-list\">\n                                        <a href=\"https:\/\/archi-t-design.com\/en\/etude-technique-et-environnementale\/\">\n                                                <span class=\"service-text\">\n                            Technical and Environmental Study                        <\/span>\n                        <\/a>                <\/li>\n                                            <li class=\"service-list\">\n                                        <a href=\"https:\/\/archi-t-design.com\/en\/formation\/\">\n                                                <span class=\"service-text\">\n                            Training                        <\/span>\n                        <\/a>                <\/li>\n                                            <li class=\"service-list\">\n                                        <a href=\"https:\/\/archi-t-design.com\/en\/conseils\/\">\n                                                <span class=\"service-text\">\n                            Advice                        <\/span>\n                        <\/a>                <\/li>\n                                            <li class=\"service-list\">\n                                        <a href=\"https:\/\/archi-t-design.com\/en\/etude-architecturale\/\">\n                                                <span class=\"service-text\">\n                            Architectural Study                        <\/span>\n                        <\/a>                <\/li>\n                                            <li class=\"service-list active\">\n                                        <a href=\"https:\/\/archi-t-design.com\/en\/design-amenagement-interieur\/\">\n                                                <span class=\"service-text\">\n                            Design &amp; interior design                        <\/span>\n                        <\/a>                <\/li>\n                                            <li class=\"service-list\">\n                                        <a href=\"https:\/\/archi-t-design.com\/en\/service-immobilier\/\">\n                                                <span class=\"service-text\">\n                            Real estate service                        <\/span>\n                        <\/a>                <\/li>\n                                            <li class=\"service-list\">\n                                        <a href=\"https:\/\/archi-t-design.com\/en\/prendre-rendez-vous\/\">\n                                                <span class=\"service-text\">\n                            Make an appointment                        <\/span>\n                        <\/a>                <\/li>\n                    <\/ul>\n        \t\t\t\t<\/div>\n\t\t\t\t<\/div>\n\t\t\t\t\t<\/div>\n\t\t<\/div>\n\t\t\t\t<div class=\"elementor-column elementor-col-50 elementor-top-column elementor-element elementor-element-6cfd9006\" data-id=\"6cfd9006\" data-element_type=\"column\" data-e-type=\"column\">\n\t\t\t<div class=\"elementor-widget-wrap elementor-element-populated\">\n\t\t\t\t\t\t<div class=\"elementor-section elementor-inner-section elementor-element elementor-element-7b968431 elementor-section-boxed elementor-section-height-default elementor-section-height-default\" data-id=\"7b968431\" data-element_type=\"section\" data-e-type=\"section\">\n\t\t\t\t\t\t<div class=\"elementor-container elementor-column-gap-no\">\n\t\t\t\t\t<div class=\"elementor-column elementor-col-100 elementor-inner-column elementor-element elementor-element-d29c0eb\" data-id=\"d29c0eb\" data-element_type=\"column\" data-e-type=\"column\">\n\t\t\t<div class=\"elementor-widget-wrap elementor-element-populated\">\n\t\t\t\t\t\t<div class=\"elementor-element elementor-element-682b896f elementor-widget elementor-widget-page-title\" data-id=\"682b896f\" data-element_type=\"widget\" data-e-type=\"widget\" data-settings=\"{&quot;align&quot;:&quot;left&quot;}\" data-widget_type=\"page-title.default\">\n\t\t\t\t<div class=\"elementor-widget-container\">\n\t\t\t\t\t\t\t\n\t\t<div class=\"hfe-page-title hfe-page-title-wrapper elementor-widget-heading\">\n\n\t\t\t\t\t\t\t\t\t\t\t<a href=\"https:\/\/archi-t-design.com\/en\">\n\t\t\t\t\t\t<h2 class=\"elementor-heading-title elementor-size-default\">\n\t\t\t\t\t\t\t\t\n\t\t\t\tDesign &amp; Interior Layout  \n\t\t\t<\/h2> \n\t\t\t\t\t\t\t\t\t<\/a>\n\t\t\t\t\t<\/div>\n\t\t\t\t\t\t<\/div>\n\t\t\t\t<\/div>\n\t\t\t\t<div class=\"elementor-element elementor-element-473fc1a9 elementor-widget elementor-widget-text-editor\" data-id=\"473fc1a9\" data-element_type=\"widget\" data-e-type=\"widget\" data-widget_type=\"text-editor.default\">\n\t\t\t\t<div class=\"elementor-widget-container\">\n\t\t\t\t\t\t\t\t\t<p>Depending on the type of project, we offer designs of your interior and exterior spaces with appropriate arrangements and furnishings. This is done according to your tastes, your preferences and the theories of spatial organization that our professionals provide you through support. <br \/>It will be a question of helping you in the choices of materials, furniture, paint colors, types of coatings, lighting, flowers, etc. All in a set that we take the trouble to present you beforehand in the form of a model for prior validation.<\/p>\t\t\t\t\t\t\t\t<\/div>\n\t\t\t\t<\/div>\n\t\t\t\t<div class=\"elementor-element elementor-element-686c04f elementor-widget elementor-widget-image\" data-id=\"686c04f\" data-element_type=\"widget\" data-e-type=\"widget\" data-widget_type=\"image.default\">\n\t\t\t\t<div class=\"elementor-widget-container\">\n\t\t\t\t\t\t\t\t\t\t\t\t\t\t\t<img fetchpriority=\"high\" decoding=\"async\" width=\"2560\" height=\"1440\" src=\"https:\/\/archi-t-design.com\/wp-content\/uploads\/2025\/07\/Archi-t-design-design-interieur-2-scaled.webp\" class=\"attachment-full size-full wp-image-16695\" alt=\"\" srcset=\"https:\/\/archi-t-design.com\/wp-content\/uploads\/2025\/07\/Archi-t-design-design-interieur-2-scaled.webp 2560w, https:\/\/archi-t-design.com\/wp-content\/uploads\/2025\/07\/Archi-t-design-design-interieur-2-300x169.webp 300w, https:\/\/archi-t-design.com\/wp-content\/uploads\/2025\/07\/Archi-t-design-design-interieur-2-1024x576.webp 1024w, https:\/\/archi-t-design.com\/wp-content\/uploads\/2025\/07\/Archi-t-design-design-interieur-2-768x432.webp 768w, https:\/\/archi-t-design.com\/wp-content\/uploads\/2025\/07\/Archi-t-design-design-interieur-2-1536x864.webp 1536w, https:\/\/archi-t-design.com\/wp-content\/uploads\/2025\/07\/Archi-t-design-design-interieur-2-2048x1152.webp 2048w, https:\/\/archi-t-design.com\/wp-content\/uploads\/2025\/07\/Archi-t-design-design-interieur-2-18x10.webp 18w, https:\/\/archi-t-design.com\/wp-content\/uploads\/2025\/07\/Archi-t-design-design-interieur-2-800x450.webp 800w\" sizes=\"(max-width: 2560px) 100vw, 2560px\" \/>\t\t\t\t\t\t\t\t\t\t\t\t\t\t\t<\/div>\n\t\t\t\t<\/div>\n\t\t\t\t<div class=\"elementor-element elementor-element-130f270 elementor-widget elementor-widget-image\" data-id=\"130f270\" data-element_type=\"widget\" data-e-type=\"widget\" data-widget_type=\"image.default\">\n\t\t\t\t<div class=\"elementor-widget-container\">\n\t\t\t\t\t\t\t\t\t\t\t\t\t\t\t<img decoding=\"async\" width=\"2560\" height=\"1440\" src=\"https:\/\/archi-t-design.com\/wp-content\/uploads\/2025\/07\/Archi-t-design-design-interieur-1-scaled.webp\" class=\"attachment-full size-full wp-image-16696\" alt=\"\" srcset=\"https:\/\/archi-t-design.com\/wp-content\/uploads\/2025\/07\/Archi-t-design-design-interieur-1-scaled.webp 2560w, https:\/\/archi-t-design.com\/wp-content\/uploads\/2025\/07\/Archi-t-design-design-interieur-1-300x169.webp 300w, https:\/\/archi-t-design.com\/wp-content\/uploads\/2025\/07\/Archi-t-design-design-interieur-1-1024x576.webp 1024w, https:\/\/archi-t-design.com\/wp-content\/uploads\/2025\/07\/Archi-t-design-design-interieur-1-768x432.webp 768w, https:\/\/archi-t-design.com\/wp-content\/uploads\/2025\/07\/Archi-t-design-design-interieur-1-1536x864.webp 1536w, https:\/\/archi-t-design.com\/wp-content\/uploads\/2025\/07\/Archi-t-design-design-interieur-1-2048x1152.webp 2048w, https:\/\/archi-t-design.com\/wp-content\/uploads\/2025\/07\/Archi-t-design-design-interieur-1-18x10.webp 18w, https:\/\/archi-t-design.com\/wp-content\/uploads\/2025\/07\/Archi-t-design-design-interieur-1-800x450.webp 800w\" sizes=\"(max-width: 2560px) 100vw, 2560px\" \/>\t\t\t\t\t\t\t\t\t\t\t\t\t\t\t<\/div>\n\t\t\t\t<\/div>\n\t\t\t\t\t<\/div>\n\t\t<\/div>\n\t\t\t\t\t<\/div>\n\t\t<\/div>\n\t\t\t\t\t<\/div>\n\t\t<\/div>\n\t\t\t\t\t<\/div>\n\t\t<\/div>\n\t\t\t\t<\/div>","protected":false},"excerpt":{"rendered":"<p>Notre Offre Globale Construction &amp; Suivi des Travaux \u00c9tude technique et environnementale Formation Conseils \u00c9tude Architecturale Design &amp; Am\u00e9nagement Int\u00e9rieur Service immobilier Prendre rendez-vous Design &#038; Am\u00e9nagement Int\u00e9rieur Selon le type de projet nous vous proposons des designs de vos espaces int\u00e9rieurs et ext\u00e9rieurs avec des am\u00e9nagements et ameublement approprier . Cela se fait en [&hellip;]<\/p>","protected":false},"author":1,"featured_media":0,"parent":0,"menu_order":0,"comment_status":"closed","ping_status":"closed","template":"","meta":{"inline_featured_image":false,"footnotes":""},"class_list":["post-16548","page","type-page","status-publish","hentry"],"yoast_head":"<!-- This site is optimized with the Yoast SEO plugin v27.4 - https:\/\/yoast.com\/product\/yoast-seo-wordpress\/ -->\n<title>Design &amp; Am\u00e9nagement Int\u00e9rieur - Archi-T-Design<\/title>\n<meta name=\"robots\" content=\"index, follow, max-snippet:-1, max-image-preview:large, max-video-preview:-1\" \/>\n<link rel=\"canonical\" href=\"https:\/\/archi-t-design.com\/en\/design-amenagement-interieur\/\" \/>\n<meta property=\"og:locale\" content=\"en_US\" \/>\n<meta property=\"og:type\" content=\"article\" \/>\n<meta property=\"og:title\" content=\"Design &amp; Am\u00e9nagement Int\u00e9rieur - Archi-T-Design\" \/>\n<meta property=\"og:description\" content=\"Notre Offre Globale Construction &amp; Suivi des Travaux \u00c9tude technique et environnementale Formation Conseils \u00c9tude Architecturale Design &amp; Am\u00e9nagement Int\u00e9rieur Service immobilier Prendre rendez-vous Design &#038; Am\u00e9nagement Int\u00e9rieur Selon le type de projet nous vous proposons des designs de vos espaces int\u00e9rieurs et ext\u00e9rieurs avec des am\u00e9nagements et ameublement approprier . Cela se fait en [&hellip;]\" \/>\n<meta property=\"og:url\" content=\"https:\/\/archi-t-design.com\/en\/design-amenagement-interieur\/\" \/>\n<meta property=\"og:site_name\" content=\"Archi-T-Design\" \/>\n<meta property=\"article:publisher\" content=\"https:\/\/www.facebook.com\/share\/1Gi7LDwdM6\/\" \/>\n<meta property=\"article:modified_time\" content=\"2025-07-30T12:00:57+00:00\" \/>\n<meta property=\"og:image\" content=\"https:\/\/archi-t-design.com\/wp-content\/uploads\/2025\/07\/Archi-t-design-design-interieur-2-scaled.webp\" \/>\n\t<meta property=\"og:image:width\" content=\"2560\" \/>\n\t<meta property=\"og:image:height\" content=\"1440\" \/>\n\t<meta property=\"og:image:type\" content=\"image\/webp\" \/>\n<meta name=\"twitter:card\" content=\"summary_large_image\" \/>\n<meta name=\"twitter:label1\" content=\"Est. reading time\" \/>\n\t<meta name=\"twitter:data1\" content=\"1 minute\" \/>\n<script type=\"application\/ld+json\" class=\"yoast-schema-graph\">{\"@context\":\"https:\\\/\\\/schema.org\",\"@graph\":[{\"@type\":\"WebPage\",\"@id\":\"https:\\\/\\\/archi-t-design.com\\\/design-amenagement-interieur\\\/\",\"url\":\"https:\\\/\\\/archi-t-design.com\\\/design-amenagement-interieur\\\/\",\"name\":\"Design & Am\u00e9nagement Int\u00e9rieur - Archi-T-Design\",\"isPartOf\":{\"@id\":\"https:\\\/\\\/archi-t-design.com\\\/#website\"},\"primaryImageOfPage\":{\"@id\":\"https:\\\/\\\/archi-t-design.com\\\/design-amenagement-interieur\\\/#primaryimage\"},\"image\":{\"@id\":\"https:\\\/\\\/archi-t-design.com\\\/design-amenagement-interieur\\\/#primaryimage\"},\"thumbnailUrl\":\"https:\\\/\\\/archi-t-design.com\\\/wp-content\\\/uploads\\\/2025\\\/07\\\/Archi-t-design-design-interieur-2-scaled.webp\",\"datePublished\":\"2025-07-08T10:11:35+00:00\",\"dateModified\":\"2025-07-30T12:00:57+00:00\",\"breadcrumb\":{\"@id\":\"https:\\\/\\\/archi-t-design.com\\\/design-amenagement-interieur\\\/#breadcrumb\"},\"inLanguage\":\"en-US\",\"potentialAction\":[{\"@type\":\"ReadAction\",\"target\":[\"https:\\\/\\\/archi-t-design.com\\\/design-amenagement-interieur\\\/\"]}]},{\"@type\":\"ImageObject\",\"inLanguage\":\"en-US\",\"@id\":\"https:\\\/\\\/archi-t-design.com\\\/design-amenagement-interieur\\\/#primaryimage\",\"url\":\"https:\\\/\\\/archi-t-design.com\\\/wp-content\\\/uploads\\\/2025\\\/07\\\/Archi-t-design-design-interieur-2-scaled.webp\",\"contentUrl\":\"https:\\\/\\\/archi-t-design.com\\\/wp-content\\\/uploads\\\/2025\\\/07\\\/Archi-t-design-design-interieur-2-scaled.webp\"},{\"@type\":\"BreadcrumbList\",\"@id\":\"https:\\\/\\\/archi-t-design.com\\\/design-amenagement-interieur\\\/#breadcrumb\",\"itemListElement\":[{\"@type\":\"ListItem\",\"position\":1,\"name\":\"Accueil\",\"item\":\"https:\\\/\\\/archi-t-design.com\\\/\"},{\"@type\":\"ListItem\",\"position\":2,\"name\":\"Design &#038; Am\u00e9nagement Int\u00e9rieur\"}]},{\"@type\":\"WebSite\",\"@id\":\"https:\\\/\\\/archi-t-design.com\\\/#website\",\"url\":\"https:\\\/\\\/archi-t-design.com\\\/\",\"name\":\"Archi-T-Design\",\"description\":\"Our ideal, make your dreams come true\",\"publisher\":{\"@id\":\"https:\\\/\\\/archi-t-design.com\\\/#organization\"},\"potentialAction\":[{\"@type\":\"SearchAction\",\"target\":{\"@type\":\"EntryPoint\",\"urlTemplate\":\"https:\\\/\\\/archi-t-design.com\\\/?s={search_term_string}\"},\"query-input\":{\"@type\":\"PropertyValueSpecification\",\"valueRequired\":true,\"valueName\":\"search_term_string\"}}],\"inLanguage\":\"en-US\"},{\"@type\":\"Organization\",\"@id\":\"https:\\\/\\\/archi-t-design.com\\\/#organization\",\"name\":\"Archi-T-Design\",\"url\":\"https:\\\/\\\/archi-t-design.com\\\/\",\"logo\":{\"@type\":\"ImageObject\",\"inLanguage\":\"en-US\",\"@id\":\"https:\\\/\\\/archi-t-design.com\\\/#\\\/schema\\\/logo\\\/image\\\/\",\"url\":\"https:\\\/\\\/archi-t-design.com\\\/wp-content\\\/uploads\\\/2025\\\/06\\\/Logo-archi-T-design.png\",\"contentUrl\":\"https:\\\/\\\/archi-t-design.com\\\/wp-content\\\/uploads\\\/2025\\\/06\\\/Logo-archi-T-design.png\",\"width\":610,\"height\":222,\"caption\":\"Archi-T-Design\"},\"image\":{\"@id\":\"https:\\\/\\\/archi-t-design.com\\\/#\\\/schema\\\/logo\\\/image\\\/\"},\"sameAs\":[\"https:\\\/\\\/www.facebook.com\\\/share\\\/1Gi7LDwdM6\\\/\"]}]}<\/script>\n<!-- \/ Yoast SEO plugin. -->","yoast_head_json":{"title":"Design & Am\u00e9nagement Int\u00e9rieur - Archi-T-Design","robots":{"index":"index","follow":"follow","max-snippet":"max-snippet:-1","max-image-preview":"max-image-preview:large","max-video-preview":"max-video-preview:-1"},"canonical":"https:\/\/archi-t-design.com\/en\/design-amenagement-interieur\/","og_locale":"en_US","og_type":"article","og_title":"Design & Am\u00e9nagement Int\u00e9rieur - Archi-T-Design","og_description":"Notre Offre Globale Construction &amp; Suivi des Travaux \u00c9tude technique et environnementale Formation Conseils \u00c9tude Architecturale Design &amp; Am\u00e9nagement Int\u00e9rieur Service immobilier Prendre rendez-vous Design &#038; Am\u00e9nagement Int\u00e9rieur Selon le type de projet nous vous proposons des designs de vos espaces int\u00e9rieurs et ext\u00e9rieurs avec des am\u00e9nagements et ameublement approprier . Cela se fait en [&hellip;]","og_url":"https:\/\/archi-t-design.com\/en\/design-amenagement-interieur\/","og_site_name":"Archi-T-Design","article_publisher":"https:\/\/www.facebook.com\/share\/1Gi7LDwdM6\/","article_modified_time":"2025-07-30T12:00:57+00:00","og_image":[{"width":2560,"height":1440,"url":"https:\/\/archi-t-design.com\/wp-content\/uploads\/2025\/07\/Archi-t-design-design-interieur-2-scaled.webp","type":"image\/webp"}],"twitter_card":"summary_large_image","twitter_misc":{"Est. reading time":"1 minute"},"schema":{"@context":"https:\/\/schema.org","@graph":[{"@type":"WebPage","@id":"https:\/\/archi-t-design.com\/design-amenagement-interieur\/","url":"https:\/\/archi-t-design.com\/design-amenagement-interieur\/","name":"Design & Am\u00e9nagement Int\u00e9rieur - Archi-T-Design","isPartOf":{"@id":"https:\/\/archi-t-design.com\/#website"},"primaryImageOfPage":{"@id":"https:\/\/archi-t-design.com\/design-amenagement-interieur\/#primaryimage"},"image":{"@id":"https:\/\/archi-t-design.com\/design-amenagement-interieur\/#primaryimage"},"thumbnailUrl":"https:\/\/archi-t-design.com\/wp-content\/uploads\/2025\/07\/Archi-t-design-design-interieur-2-scaled.webp","datePublished":"2025-07-08T10:11:35+00:00","dateModified":"2025-07-30T12:00:57+00:00","breadcrumb":{"@id":"https:\/\/archi-t-design.com\/design-amenagement-interieur\/#breadcrumb"},"inLanguage":"en-US","potentialAction":[{"@type":"ReadAction","target":["https:\/\/archi-t-design.com\/design-amenagement-interieur\/"]}]},{"@type":"ImageObject","inLanguage":"en-US","@id":"https:\/\/archi-t-design.com\/design-amenagement-interieur\/#primaryimage","url":"https:\/\/archi-t-design.com\/wp-content\/uploads\/2025\/07\/Archi-t-design-design-interieur-2-scaled.webp","contentUrl":"https:\/\/archi-t-design.com\/wp-content\/uploads\/2025\/07\/Archi-t-design-design-interieur-2-scaled.webp"},{"@type":"BreadcrumbList","@id":"https:\/\/archi-t-design.com\/design-amenagement-interieur\/#breadcrumb","itemListElement":[{"@type":"ListItem","position":1,"name":"Accueil","item":"https:\/\/archi-t-design.com\/"},{"@type":"ListItem","position":2,"name":"Design &#038; Am\u00e9nagement Int\u00e9rieur"}]},{"@type":"WebSite","@id":"https:\/\/archi-t-design.com\/#website","url":"https:\/\/archi-t-design.com\/","name":"Archi-T-Design","description":"Our ideal, make your dreams come true","publisher":{"@id":"https:\/\/archi-t-design.com\/#organization"},"potentialAction":[{"@type":"SearchAction","target":{"@type":"EntryPoint","urlTemplate":"https:\/\/archi-t-design.com\/?s={search_term_string}"},"query-input":{"@type":"PropertyValueSpecification","valueRequired":true,"valueName":"search_term_string"}}],"inLanguage":"en-US"},{"@type":"Organization","@id":"https:\/\/archi-t-design.com\/#organization","name":"Archi-T-Design","url":"https:\/\/archi-t-design.com\/","logo":{"@type":"ImageObject","inLanguage":"en-US","@id":"https:\/\/archi-t-design.com\/#\/schema\/logo\/image\/","url":"https:\/\/archi-t-design.com\/wp-content\/uploads\/2025\/06\/Logo-archi-T-design.png","contentUrl":"https:\/\/archi-t-design.com\/wp-content\/uploads\/2025\/06\/Logo-archi-T-design.png","width":610,"height":222,"caption":"Archi-T-Design"},"image":{"@id":"https:\/\/archi-t-design.com\/#\/schema\/logo\/image\/"},"sameAs":["https:\/\/www.facebook.com\/share\/1Gi7LDwdM6\/"]}]}},"_links":{"self":[{"href":"https:\/\/archi-t-design.com\/en\/wp-json\/wp\/v2\/pages\/16548","targetHints":{"allow":["GET"]}}],"collection":[{"href":"https:\/\/archi-t-design.com\/en\/wp-json\/wp\/v2\/pages"}],"about":[{"href":"https:\/\/archi-t-design.com\/en\/wp-json\/wp\/v2\/types\/page"}],"author":[{"embeddable":true,"href":"https:\/\/archi-t-design.com\/en\/wp-json\/wp\/v2\/users\/1"}],"replies":[{"embeddable":true,"href":"https:\/\/archi-t-design.com\/en\/wp-json\/wp\/v2\/comments?post=16548"}],"version-history":[{"count":13,"href":"https:\/\/archi-t-design.com\/en\/wp-json\/wp\/v2\/pages\/16548\/revisions"}],"predecessor-version":[{"id":16755,"href":"https:\/\/archi-t-design.com\/en\/wp-json\/wp\/v2\/pages\/16548\/revisions\/16755"}],"wp:attachment":[{"href":"https:\/\/archi-t-design.com\/en\/wp-json\/wp\/v2\/media?parent=16548"}],"curies":[{"name":"wp","href":"https:\/\/api.w.org\/{rel}","templated":true}]}}