{"id":16609,"date":"2025-07-08T12:28:11","date_gmt":"2025-07-08T12:28:11","guid":{"rendered":"https:\/\/archi-t-design.com\/?page_id=16609"},"modified":"2025-07-08T12:43:31","modified_gmt":"2025-07-08T12:43:31","slug":"politique-de-confidentialite","status":"publish","type":"page","link":"https:\/\/archi-t-design.com\/en\/politique-de-confidentialite\/","title":{"rendered":"Privacy Policy"},"content":{"rendered":"<div data-elementor-type=\"wp-page\" data-elementor-id=\"16609\" class=\"elementor elementor-16609\" data-elementor-post-type=\"page\">\n\t\t\t\t\t\t<div class=\"elementor-section elementor-top-section elementor-element elementor-element-14d6437e elementor-section-stretched elementor-section-boxed elementor-section-height-default elementor-section-height-default\" data-id=\"14d6437e\" data-element_type=\"section\" data-e-type=\"section\" data-settings=\"{&quot;stretch_section&quot;:&quot;section-stretched&quot;}\">\n\t\t\t\t\t\t<div class=\"elementor-container elementor-column-gap-no\">\n\t\t\t\t\t<div class=\"elementor-column elementor-col-50 elementor-top-column elementor-element elementor-element-7d14af3c\" data-id=\"7d14af3c\" data-element_type=\"column\" data-e-type=\"column\">\n\t\t\t<div class=\"elementor-widget-wrap elementor-element-populated\">\n\t\t\t\t\t\t<div class=\"elementor-element elementor-element-7ba9fc05 elementor-widget elementor-widget-kitchor-service-list\" data-id=\"7ba9fc05\" data-element_type=\"widget\" data-e-type=\"widget\" data-widget_type=\"kitchor-service-list.default\">\n\t\t\t\t<div class=\"elementor-widget-container\">\n\t\t\t\t\t        <ul class=\"elementor-service-item-wrapper\">\n                                            <li class=\"service-list active\">\n                                        <a href=\"https:\/\/archi-t-design.com\/en\/politique-de-confidentialite\/\">\n                                                <span class=\"service-text\">\n                            Privacy Policy                        <\/span>\n                        <\/a>                <\/li>\n                                            <li class=\"service-list\">\n                                        <a href=\"https:\/\/archi-t-design.com\/en\/politique-dutilisation-des-cookies\/\">\n                                                <span class=\"service-text\">\n                            Utilisation des cookies                        <\/span>\n                        <\/a>                <\/li>\n                    <\/ul>\n        \t\t\t\t<\/div>\n\t\t\t\t<\/div>\n\t\t\t\t\t<\/div>\n\t\t<\/div>\n\t\t\t\t<div class=\"elementor-column elementor-col-50 elementor-top-column elementor-element elementor-element-6cfd9006\" data-id=\"6cfd9006\" data-element_type=\"column\" data-e-type=\"column\">\n\t\t\t<div class=\"elementor-widget-wrap elementor-element-populated\">\n\t\t\t\t\t\t<div class=\"elementor-section elementor-inner-section elementor-element elementor-element-7b968431 elementor-section-boxed elementor-section-height-default elementor-section-height-default\" data-id=\"7b968431\" data-element_type=\"section\" data-e-type=\"section\">\n\t\t\t\t\t\t<div class=\"elementor-container elementor-column-gap-no\">\n\t\t\t\t\t<div class=\"elementor-column elementor-col-50 elementor-inner-column elementor-element elementor-element-d29c0eb\" data-id=\"d29c0eb\" data-element_type=\"column\" data-e-type=\"column\">\n\t\t\t<div class=\"elementor-widget-wrap elementor-element-populated\">\n\t\t\t\t\t\t<div class=\"elementor-element elementor-element-682b896f elementor-widget elementor-widget-page-title\" data-id=\"682b896f\" data-element_type=\"widget\" data-e-type=\"widget\" data-settings=\"{&quot;align&quot;:&quot;left&quot;}\" data-widget_type=\"page-title.default\">\n\t\t\t\t<div class=\"elementor-widget-container\">\n\t\t\t\t\t\t\t\n\t\t<div class=\"hfe-page-title hfe-page-title-wrapper elementor-widget-heading\">\n\n\t\t\t\t\t\t\t\t\t\t\t<a href=\"https:\/\/archi-t-design.com\/en\">\n\t\t\t\t\t\t<h2 class=\"elementor-heading-title elementor-size-default\">\n\t\t\t\t\t\t\t\t\n\t\t\t\tPrivacy Policy  \n\t\t\t<\/h2> \n\t\t\t\t\t\t\t\t\t<\/a>\n\t\t\t\t\t<\/div>\n\t\t\t\t\t\t<\/div>\n\t\t\t\t<\/div>\n\t\t\t\t<div class=\"elementor-element elementor-element-473fc1a9 elementor-widget elementor-widget-text-editor\" data-id=\"473fc1a9\" data-element_type=\"widget\" data-e-type=\"widget\" data-widget_type=\"text-editor.default\">\n\t\t\t\t<div class=\"elementor-widget-container\">\n\t\t\t\t\t\t\t\t\t<h6>1. D\u00e9finition des cookies<\/h6><p>Les cookies sont de petits fichiers texte enregistr\u00e9s sur votre terminal (ordinateur, smartphone, tablette) lorsque vous visitez un site web. Ils permettent au site de m\u00e9moriser certaines informations vous concernant (pr\u00e9f\u00e9rences, langue, donn\u00e9es de navigation, etc.) pour faciliter et am\u00e9liorer votre exp\u00e9rience.<\/p><hr \/><h6>2. Types de cookies utilis\u00e9s sur ce site<\/h6><p>Le site d\u2019Archi T. Design utilise les cat\u00e9gories de cookies suivantes :<\/p><ul><li><p><strong>Cookies strictement n\u00e9cessaires<\/strong><br \/>Indispensables au bon fonctionnement du site (navigation, acc\u00e8s s\u00e9curis\u00e9, formulaire de contact). Ils ne n\u00e9cessitent pas de consentement pr\u00e9alable.<\/p><\/li><li><p><strong>Cookies de mesure d\u2019audience (statistiques)<\/strong><br \/>Utilis\u00e9s pour recueillir des informations anonymes sur la mani\u00e8re dont les visiteurs utilisent le site (pages visit\u00e9es, dur\u00e9e de visite, source de trafic, etc.), afin d\u2019en am\u00e9liorer le contenu et la performance.<br \/>Ces cookies ne sont d\u00e9pos\u00e9s qu\u2019apr\u00e8s consentement de l\u2019utilisateur.<\/p><\/li><\/ul><hr \/><h6>3. Consentement de l\u2019utilisateur<\/h6><p>Lors de votre premi\u00e8re visite sur le site, un bandeau d\u2019information vous informe de la pr\u00e9sence de cookies et vous invite \u00e0 accepter ou refuser leur utilisation.<br \/>Votre choix est enregistr\u00e9 pour une dur\u00e9e de 6 mois. Vous pouvez \u00e0 tout moment modifier vos pr\u00e9f\u00e9rences en vidant les cookies de votre navigateur ou en configurant celui-ci pour bloquer ou supprimer les cookies.<\/p><hr \/><h6>4. Gestion des cookies<\/h6><p>Vous pouvez param\u00e9trer votre navigateur pour refuser les cookies ou \u00eatre averti avant leur installation. Voici les liens d\u2019aide des navigateurs les plus courants :<\/p><ul><li><p><a href=\"https:\/\/support.google.com\/chrome\/answer\/95647\">Google Chrome<\/a><\/p><\/li><li><p><a href=\"https:\/\/support.mozilla.org\/fr\/kb\/activer-desactiver-cookies\">Mozilla Firefox<\/a><\/p><\/li><li><p><a href=\"https:\/\/support.apple.com\/fr-fr\/guide\/safari\/sfri11471\/mac\">Safari<\/a><\/p><\/li><li><p><a href=\"https:\/\/support.microsoft.com\/fr-fr\/help\/4027947\">Microsoft Edge<\/a><\/p><\/li><\/ul><p>Veuillez noter que le refus de certains cookies peut alt\u00e9rer le bon fonctionnement du site.<\/p><hr \/><h6>5. Mise \u00e0 jour de la politique<\/h6><p>Cette politique peut \u00eatre modifi\u00e9e \u00e0 tout moment en fonction de l\u2019\u00e9volution des obligations l\u00e9gales ou techniques. Nous vous invitons \u00e0 la consulter r\u00e9guli\u00e8rement.<\/p>\t\t\t\t\t\t\t\t<\/div>\n\t\t\t\t<\/div>\n\t\t\t\t\t<\/div>\n\t\t<\/div>\n\t\t\t\t<div class=\"elementor-column elementor-col-50 elementor-inner-column elementor-element elementor-element-737feb6a\" data-id=\"737feb6a\" data-element_type=\"column\" data-e-type=\"column\">\n\t\t\t<div class=\"elementor-widget-wrap\">\n\t\t\t\t\t\t\t<\/div>\n\t\t<\/div>\n\t\t\t\t\t<\/div>\n\t\t<\/div>\n\t\t\t\t\t<\/div>\n\t\t<\/div>\n\t\t\t\t\t<\/div>\n\t\t<\/div>\n\t\t\t\t<\/div>","protected":false},"excerpt":{"rendered":"<p>Politique de confidentialit\u00e9 Utilisation des cookies Politique de confidentialit\u00e9 1. D\u00e9finition des cookies Les cookies sont de petits fichiers texte enregistr\u00e9s sur votre terminal (ordinateur, smartphone, tablette) lorsque vous visitez un site web. Ils permettent au site de m\u00e9moriser certaines informations vous concernant (pr\u00e9f\u00e9rences, langue, donn\u00e9es de navigation, etc.) pour faciliter et am\u00e9liorer votre exp\u00e9rience. [&hellip;]<\/p>","protected":false},"author":1,"featured_media":0,"parent":0,"menu_order":0,"comment_status":"closed","ping_status":"closed","template":"","meta":{"inline_featured_image":false,"footnotes":""},"class_list":["post-16609","page","type-page","status-publish","hentry"],"yoast_head":"<!-- This site is optimized with the Yoast SEO plugin v27.4 - https:\/\/yoast.com\/product\/yoast-seo-wordpress\/ -->\n<title>Politique de confidentialit\u00e9 - Archi-T-Design<\/title>\n<meta name=\"robots\" content=\"index, follow, max-snippet:-1, max-image-preview:large, max-video-preview:-1\" \/>\n<link rel=\"canonical\" href=\"https:\/\/archi-t-design.com\/en\/politique-de-confidentialite\/\" \/>\n<meta property=\"og:locale\" content=\"en_US\" \/>\n<meta property=\"og:type\" content=\"article\" \/>\n<meta property=\"og:title\" content=\"Politique de confidentialit\u00e9 - Archi-T-Design\" \/>\n<meta property=\"og:description\" content=\"Politique de confidentialit\u00e9 Utilisation des cookies Politique de confidentialit\u00e9 1. D\u00e9finition des cookies Les cookies sont de petits fichiers texte enregistr\u00e9s sur votre terminal (ordinateur, smartphone, tablette) lorsque vous visitez un site web. Ils permettent au site de m\u00e9moriser certaines informations vous concernant (pr\u00e9f\u00e9rences, langue, donn\u00e9es de navigation, etc.) pour faciliter et am\u00e9liorer votre exp\u00e9rience. [&hellip;]\" \/>\n<meta property=\"og:url\" content=\"https:\/\/archi-t-design.com\/en\/politique-de-confidentialite\/\" \/>\n<meta property=\"og:site_name\" content=\"Archi-T-Design\" \/>\n<meta property=\"article:publisher\" content=\"https:\/\/www.facebook.com\/share\/1Gi7LDwdM6\/\" \/>\n<meta property=\"article:modified_time\" content=\"2025-07-08T12:43:31+00:00\" \/>\n<meta name=\"twitter:card\" content=\"summary_large_image\" \/>\n<meta name=\"twitter:label1\" content=\"Est. reading time\" \/>\n\t<meta name=\"twitter:data1\" content=\"2 minutes\" \/>\n<script type=\"application\/ld+json\" class=\"yoast-schema-graph\">{\"@context\":\"https:\\\/\\\/schema.org\",\"@graph\":[{\"@type\":\"WebPage\",\"@id\":\"https:\\\/\\\/archi-t-design.com\\\/politique-de-confidentialite\\\/\",\"url\":\"https:\\\/\\\/archi-t-design.com\\\/politique-de-confidentialite\\\/\",\"name\":\"Politique de confidentialit\u00e9 - Archi-T-Design\",\"isPartOf\":{\"@id\":\"https:\\\/\\\/archi-t-design.com\\\/#website\"},\"datePublished\":\"2025-07-08T12:28:11+00:00\",\"dateModified\":\"2025-07-08T12:43:31+00:00\",\"breadcrumb\":{\"@id\":\"https:\\\/\\\/archi-t-design.com\\\/politique-de-confidentialite\\\/#breadcrumb\"},\"inLanguage\":\"en-US\",\"potentialAction\":[{\"@type\":\"ReadAction\",\"target\":[\"https:\\\/\\\/archi-t-design.com\\\/politique-de-confidentialite\\\/\"]}]},{\"@type\":\"BreadcrumbList\",\"@id\":\"https:\\\/\\\/archi-t-design.com\\\/politique-de-confidentialite\\\/#breadcrumb\",\"itemListElement\":[{\"@type\":\"ListItem\",\"position\":1,\"name\":\"Accueil\",\"item\":\"https:\\\/\\\/archi-t-design.com\\\/\"},{\"@type\":\"ListItem\",\"position\":2,\"name\":\"Politique de confidentialit\u00e9\"}]},{\"@type\":\"WebSite\",\"@id\":\"https:\\\/\\\/archi-t-design.com\\\/#website\",\"url\":\"https:\\\/\\\/archi-t-design.com\\\/\",\"name\":\"Archi-T-Design\",\"description\":\"Our ideal, make your dreams come true\",\"publisher\":{\"@id\":\"https:\\\/\\\/archi-t-design.com\\\/#organization\"},\"potentialAction\":[{\"@type\":\"SearchAction\",\"target\":{\"@type\":\"EntryPoint\",\"urlTemplate\":\"https:\\\/\\\/archi-t-design.com\\\/?s={search_term_string}\"},\"query-input\":{\"@type\":\"PropertyValueSpecification\",\"valueRequired\":true,\"valueName\":\"search_term_string\"}}],\"inLanguage\":\"en-US\"},{\"@type\":\"Organization\",\"@id\":\"https:\\\/\\\/archi-t-design.com\\\/#organization\",\"name\":\"Archi-T-Design\",\"url\":\"https:\\\/\\\/archi-t-design.com\\\/\",\"logo\":{\"@type\":\"ImageObject\",\"inLanguage\":\"en-US\",\"@id\":\"https:\\\/\\\/archi-t-design.com\\\/#\\\/schema\\\/logo\\\/image\\\/\",\"url\":\"https:\\\/\\\/archi-t-design.com\\\/wp-content\\\/uploads\\\/2025\\\/06\\\/Logo-archi-T-design.png\",\"contentUrl\":\"https:\\\/\\\/archi-t-design.com\\\/wp-content\\\/uploads\\\/2025\\\/06\\\/Logo-archi-T-design.png\",\"width\":610,\"height\":222,\"caption\":\"Archi-T-Design\"},\"image\":{\"@id\":\"https:\\\/\\\/archi-t-design.com\\\/#\\\/schema\\\/logo\\\/image\\\/\"},\"sameAs\":[\"https:\\\/\\\/www.facebook.com\\\/share\\\/1Gi7LDwdM6\\\/\"]}]}<\/script>\n<!-- \/ Yoast SEO plugin. -->","yoast_head_json":{"title":"Politique de confidentialit\u00e9 - Archi-T-Design","robots":{"index":"index","follow":"follow","max-snippet":"max-snippet:-1","max-image-preview":"max-image-preview:large","max-video-preview":"max-video-preview:-1"},"canonical":"https:\/\/archi-t-design.com\/en\/politique-de-confidentialite\/","og_locale":"en_US","og_type":"article","og_title":"Politique de confidentialit\u00e9 - Archi-T-Design","og_description":"Politique de confidentialit\u00e9 Utilisation des cookies Politique de confidentialit\u00e9 1. D\u00e9finition des cookies Les cookies sont de petits fichiers texte enregistr\u00e9s sur votre terminal (ordinateur, smartphone, tablette) lorsque vous visitez un site web. Ils permettent au site de m\u00e9moriser certaines informations vous concernant (pr\u00e9f\u00e9rences, langue, donn\u00e9es de navigation, etc.) pour faciliter et am\u00e9liorer votre exp\u00e9rience. [&hellip;]","og_url":"https:\/\/archi-t-design.com\/en\/politique-de-confidentialite\/","og_site_name":"Archi-T-Design","article_publisher":"https:\/\/www.facebook.com\/share\/1Gi7LDwdM6\/","article_modified_time":"2025-07-08T12:43:31+00:00","twitter_card":"summary_large_image","twitter_misc":{"Est. reading time":"2 minutes"},"schema":{"@context":"https:\/\/schema.org","@graph":[{"@type":"WebPage","@id":"https:\/\/archi-t-design.com\/politique-de-confidentialite\/","url":"https:\/\/archi-t-design.com\/politique-de-confidentialite\/","name":"Politique de confidentialit\u00e9 - Archi-T-Design","isPartOf":{"@id":"https:\/\/archi-t-design.com\/#website"},"datePublished":"2025-07-08T12:28:11+00:00","dateModified":"2025-07-08T12:43:31+00:00","breadcrumb":{"@id":"https:\/\/archi-t-design.com\/politique-de-confidentialite\/#breadcrumb"},"inLanguage":"en-US","potentialAction":[{"@type":"ReadAction","target":["https:\/\/archi-t-design.com\/politique-de-confidentialite\/"]}]},{"@type":"BreadcrumbList","@id":"https:\/\/archi-t-design.com\/politique-de-confidentialite\/#breadcrumb","itemListElement":[{"@type":"ListItem","position":1,"name":"Accueil","item":"https:\/\/archi-t-design.com\/"},{"@type":"ListItem","position":2,"name":"Politique de confidentialit\u00e9"}]},{"@type":"WebSite","@id":"https:\/\/archi-t-design.com\/#website","url":"https:\/\/archi-t-design.com\/","name":"Archi-T-Design","description":"Our ideal, make your dreams come true","publisher":{"@id":"https:\/\/archi-t-design.com\/#organization"},"potentialAction":[{"@type":"SearchAction","target":{"@type":"EntryPoint","urlTemplate":"https:\/\/archi-t-design.com\/?s={search_term_string}"},"query-input":{"@type":"PropertyValueSpecification","valueRequired":true,"valueName":"search_term_string"}}],"inLanguage":"en-US"},{"@type":"Organization","@id":"https:\/\/archi-t-design.com\/#organization","name":"Archi-T-Design","url":"https:\/\/archi-t-design.com\/","logo":{"@type":"ImageObject","inLanguage":"en-US","@id":"https:\/\/archi-t-design.com\/#\/schema\/logo\/image\/","url":"https:\/\/archi-t-design.com\/wp-content\/uploads\/2025\/06\/Logo-archi-T-design.png","contentUrl":"https:\/\/archi-t-design.com\/wp-content\/uploads\/2025\/06\/Logo-archi-T-design.png","width":610,"height":222,"caption":"Archi-T-Design"},"image":{"@id":"https:\/\/archi-t-design.com\/#\/schema\/logo\/image\/"},"sameAs":["https:\/\/www.facebook.com\/share\/1Gi7LDwdM6\/"]}]}},"_links":{"self":[{"href":"https:\/\/archi-t-design.com\/en\/wp-json\/wp\/v2\/pages\/16609","targetHints":{"allow":["GET"]}}],"collection":[{"href":"https:\/\/archi-t-design.com\/en\/wp-json\/wp\/v2\/pages"}],"about":[{"href":"https:\/\/archi-t-design.com\/en\/wp-json\/wp\/v2\/types\/page"}],"author":[{"embeddable":true,"href":"https:\/\/archi-t-design.com\/en\/wp-json\/wp\/v2\/users\/1"}],"replies":[{"embeddable":true,"href":"https:\/\/archi-t-design.com\/en\/wp-json\/wp\/v2\/comments?post=16609"}],"version-history":[{"count":10,"href":"https:\/\/archi-t-design.com\/en\/wp-json\/wp\/v2\/pages\/16609\/revisions"}],"predecessor-version":[{"id":16623,"href":"https:\/\/archi-t-design.com\/en\/wp-json\/wp\/v2\/pages\/16609\/revisions\/16623"}],"wp:attachment":[{"href":"https:\/\/archi-t-design.com\/en\/wp-json\/wp\/v2\/media?parent=16609"}],"curies":[{"name":"wp","href":"https:\/\/api.w.org\/{rel}","templated":true}]}}