{"id":16738,"date":"2025-07-30T10:59:24","date_gmt":"2025-07-30T10:59:24","guid":{"rendered":"https:\/\/archi-t-design.com\/?page_id=16738"},"modified":"2025-07-30T11:35:06","modified_gmt":"2025-07-30T11:35:06","slug":"prendre-rendez-vous","status":"publish","type":"page","link":"https:\/\/archi-t-design.com\/en\/prendre-rendez-vous\/","title":{"rendered":"Make an appointment"},"content":{"rendered":"<div data-elementor-type=\"wp-page\" data-elementor-id=\"16738\" class=\"elementor elementor-16738\" data-elementor-post-type=\"page\">\n\t\t\t\t\t\t<div class=\"elementor-section elementor-top-section elementor-element elementor-element-14d6437e elementor-section-stretched elementor-section-boxed elementor-section-height-default elementor-section-height-default\" data-id=\"14d6437e\" data-element_type=\"section\" data-e-type=\"section\" data-settings=\"{&quot;stretch_section&quot;:&quot;section-stretched&quot;}\">\n\t\t\t\t\t\t<div class=\"elementor-container elementor-column-gap-no\">\n\t\t\t\t\t<div class=\"elementor-column elementor-col-50 elementor-top-column elementor-element elementor-element-7d14af3c\" data-id=\"7d14af3c\" data-element_type=\"column\" data-e-type=\"column\">\n\t\t\t<div class=\"elementor-widget-wrap elementor-element-populated\">\n\t\t\t\t\t\t<div class=\"elementor-element elementor-element-7ba9fc05 elementor-widget elementor-widget-kitchor-service-list\" data-id=\"7ba9fc05\" data-element_type=\"widget\" data-e-type=\"widget\" data-widget_type=\"kitchor-service-list.default\">\n\t\t\t\t<div class=\"elementor-widget-container\">\n\t\t\t\t\t        <ul class=\"elementor-service-item-wrapper\">\n                                            <li class=\"service-list\">\n                                        <a href=\"https:\/\/archi-t-design.com\/en\/nos-services\/\">\n                                                <span class=\"service-text\">\n                            Our global offer                        <\/span>\n                        <\/a>                <\/li>\n                                            <li class=\"service-list\">\n                                        <a href=\"https:\/\/archi-t-design.com\/en\/construction-suivi-des-travaux\/\">\n                                                <span class=\"service-text\">\n                            Construction &amp; Project Monitoring                        <\/span>\n                        <\/a>                <\/li>\n                                            <li class=\"service-list\">\n                                        <a href=\"https:\/\/archi-t-design.com\/en\/etude-technique-et-environnementale\/\">\n                                                <span class=\"service-text\">\n                            Technical and Environmental Study                        <\/span>\n                        <\/a>                <\/li>\n                                            <li class=\"service-list\">\n                                        <a href=\"https:\/\/archi-t-design.com\/en\/formation\/\">\n                                                <span class=\"service-text\">\n                            Training                        <\/span>\n                        <\/a>                <\/li>\n                                            <li class=\"service-list\">\n                                        <a href=\"https:\/\/archi-t-design.com\/en\/conseils\/\">\n                                                <span class=\"service-text\">\n                            Advice                        <\/span>\n                        <\/a>                <\/li>\n                                            <li class=\"service-list\">\n                                        <a href=\"https:\/\/archi-t-design.com\/en\/etude-architecturale\/\">\n                                                <span class=\"service-text\">\n                            Architectural Study                        <\/span>\n                        <\/a>                <\/li>\n                                            <li class=\"service-list\">\n                                        <a href=\"https:\/\/archi-t-design.com\/en\/design-amenagement-interieur\/\">\n                                                <span class=\"service-text\">\n                            Design &amp; interior design                        <\/span>\n                        <\/a>                <\/li>\n                                            <li class=\"service-list\">\n                                        <a href=\"https:\/\/archi-t-design.com\/en\/service-immobilier\/\">\n                                                <span class=\"service-text\">\n                            Real estate service                        <\/span>\n                        <\/a>                <\/li>\n                                            <li class=\"service-list active\">\n                                            <span class=\"service-text\">\n                            Make an appointment                        <\/span>\n                                        <\/li>\n                    <\/ul>\n        \t\t\t\t<\/div>\n\t\t\t\t<\/div>\n\t\t\t\t\t<\/div>\n\t\t<\/div>\n\t\t\t\t<div class=\"elementor-column elementor-col-50 elementor-top-column elementor-element elementor-element-6cfd9006\" data-id=\"6cfd9006\" data-element_type=\"column\" data-e-type=\"column\">\n\t\t\t<div class=\"elementor-widget-wrap elementor-element-populated\">\n\t\t\t\t\t\t<div class=\"elementor-section elementor-inner-section elementor-element elementor-element-7b968431 elementor-section-boxed elementor-section-height-default elementor-section-height-default\" data-id=\"7b968431\" data-element_type=\"section\" data-e-type=\"section\">\n\t\t\t\t\t\t<div class=\"elementor-container elementor-column-gap-no\">\n\t\t\t\t\t<div class=\"elementor-column elementor-col-100 elementor-inner-column elementor-element elementor-element-b54b73a\" data-id=\"b54b73a\" data-element_type=\"column\" data-e-type=\"column\">\n\t\t\t<div class=\"elementor-widget-wrap\">\n\t\t\t\t\t\t\t<\/div>\n\t\t<\/div>\n\t\t\t\t\t<\/div>\n\t\t<\/div>\n\t\t\t\t<div class=\"elementor-element elementor-element-a7c771a elementor-widget elementor-widget-heading\" data-id=\"a7c771a\" data-element_type=\"widget\" data-e-type=\"widget\" data-widget_type=\"heading.default\">\n\t\t\t\t<div class=\"elementor-widget-container\">\n\t\t\t\t\t<h2 class=\"elementor-heading-title elementor-size-default\">Have a project in mind? Let's talk about it.\n<\/h2>\t\t\t\t<\/div>\n\t\t\t\t<\/div>\n\t\t\t\t<div class=\"elementor-element elementor-element-e3f4717 elementor-button-align-stretch elementor-widget elementor-widget-form\" data-id=\"e3f4717\" data-element_type=\"widget\" data-e-type=\"widget\" data-settings=\"{&quot;button_width&quot;:&quot;30&quot;,&quot;step_next_label&quot;:&quot;Next&quot;,&quot;step_previous_label&quot;:&quot;Previous&quot;,&quot;step_type&quot;:&quot;number_text&quot;,&quot;step_icon_shape&quot;:&quot;circle&quot;}\" data-widget_type=\"form.default\">\n\t\t\t\t<div class=\"elementor-widget-container\">\n\t\t\t\t\t\t\t<form class=\"elementor-form\" method=\"post\" name=\"New Form\" action=\"\">\n\t\t\t<input type=\"hidden\" name=\"post_id\" value=\"16738\"\/>\n\t\t\t<input type=\"hidden\" name=\"form_id\" value=\"e3f4717\"\/>\n\t\t\t<input type=\"hidden\" name=\"referer_title\" value=\"Prendre rendez-vous - Archi-T-Design\" \/>\n\n\t\t\t\t\t\t\t<input type=\"hidden\" name=\"queried_id\" value=\"16738\"\/>\n\t\t\t\n\t\t\t<div class=\"elementor-form-fields-wrapper elementor-labels-above\">\n\t\t\t\t\t\t\t\t<div class=\"elementor-field-type-text elementor-field-group elementor-column elementor-field-group-name elementor-col-50 elementor-field-required\">\n\t\t\t\t\t\t\t\t\t\t\t\t<label for=\"form-field-name\" class=\"elementor-field-label\">\n\t\t\t\t\t\t\t\tFirst Name and Last Name:\t\t\t\t\t\t\t<\/label>\n\t\t\t\t\t\t\t\t\t\t\t\t\t\t<input size=\"1\" type=\"text\" name=\"form_fields[name]\" id=\"form-field-name\" class=\"elementor-field elementor-size-sm  elementor-field-textual\" placeholder=\"First Name and Last Name:\" required=\"required\">\n\t\t\t\t\t\t\t\t\t\t\t<\/div>\n\t\t\t\t\t\t\t\t<div class=\"elementor-field-type-tel elementor-field-group elementor-column elementor-field-group-field_7c46b1f elementor-col-50 elementor-field-required\">\n\t\t\t\t\t\t\t\t\t\t\t\t<label for=\"form-field-field_7c46b1f\" class=\"elementor-field-label\">\n\t\t\t\t\t\t\t\tPhone:\t\t\t\t\t\t\t<\/label>\n\t\t\t\t\t\t\t\t<input size=\"1\" type=\"tel\" name=\"form_fields[field_7c46b1f]\" id=\"form-field-field_7c46b1f\" class=\"elementor-field elementor-size-sm  elementor-field-textual\" placeholder=\"Phone:\" required=\"required\" pattern=\"[0-9()#&amp;+*-=.]+\" title=\"Only numbers and phone characters (#, -, *, etc) are accepted.\">\n\n\t\t\t\t\t\t<\/div>\n\t\t\t\t\t\t\t\t<div class=\"elementor-field-type-email elementor-field-group elementor-column elementor-field-group-field_9bc2360 elementor-col-50 elementor-field-required\">\n\t\t\t\t\t\t\t\t\t\t\t\t<label for=\"form-field-field_9bc2360\" class=\"elementor-field-label\">\n\t\t\t\t\t\t\t\tEmail address:\t\t\t\t\t\t\t<\/label>\n\t\t\t\t\t\t\t\t\t\t\t\t\t\t<input size=\"1\" type=\"email\" name=\"form_fields[field_9bc2360]\" id=\"form-field-field_9bc2360\" class=\"elementor-field elementor-size-sm  elementor-field-textual\" placeholder=\"Email address:\" required=\"required\">\n\t\t\t\t\t\t\t\t\t\t\t<\/div>\n\t\t\t\t\t\t\t\t<div class=\"elementor-field-type-text elementor-field-group elementor-column elementor-field-group-field_6d726b1 elementor-col-50 elementor-field-required\">\n\t\t\t\t\t\t\t\t\t\t\t\t<label for=\"form-field-field_6d726b1\" class=\"elementor-field-label\">\n\t\t\t\t\t\t\t\tCity \/ Locality:\t\t\t\t\t\t\t<\/label>\n\t\t\t\t\t\t\t\t\t\t\t\t\t\t<input size=\"1\" type=\"text\" name=\"form_fields[field_6d726b1]\" id=\"form-field-field_6d726b1\" class=\"elementor-field elementor-size-sm  elementor-field-textual\" placeholder=\"City \/ Locality:\" required=\"required\">\n\t\t\t\t\t\t\t\t\t\t\t<\/div>\n\t\t\t\t\t\t\t\t<div class=\"elementor-field-type-select elementor-field-group elementor-column elementor-field-group-field_3ce4539 elementor-col-50 elementor-field-required\">\n\t\t\t\t\t\t\t\t\t\t\t\t<label for=\"form-field-field_3ce4539\" class=\"elementor-field-label\">\n\t\t\t\t\t\t\t\tSubject of the appointment\t\t\t\t\t\t\t<\/label>\n\t\t\t\t\t\t\t\t<div class=\"elementor-field elementor-select-wrapper remove-before\">\n\t\t\t<div class=\"select-caret-down-wrapper\">\n\t\t\t\t<svg aria-hidden=\"true\" class=\"e-font-icon-svg e-eicon-caret-down\" viewbox=\"0 0 571.4 571.4\" xmlns=\"http:\/\/www.w3.org\/2000\/svg\"><path d=\"M571 393Q571 407 561 418L311 668Q300 679 286 679T261 668L11 418Q0 407 0 393T11 368 36 357H536Q550 357 561 368T571 393Z\"><\/path><\/svg>\t\t\t<\/div>\n\t\t\t<select name=\"form_fields[field_3ce4539]\" id=\"form-field-field_3ce4539\" class=\"elementor-field-textual elementor-size-sm\" required=\"required\">\n\t\t\t\t\t\t\t\t\t<option value=\"Construction et suivi des travaux\">Construction &amp; Project Monitoring<\/option>\n\t\t\t\t\t\t\t\t\t<option value=\"\u00c9tude technique et environnementale\">Technical and Environmental Study<\/option>\n\t\t\t\t\t\t\t\t\t<option value=\"Formation\">Training<\/option>\n\t\t\t\t\t\t\t\t\t<option value=\"Conseils\">Advice<\/option>\n\t\t\t\t\t\t\t\t\t<option value=\"\u00c9tude architecturale\">Architectural study<\/option>\n\t\t\t\t\t\t\t\t\t<option value=\"Design &amp; am\u00e9nagement int\u00e9rieur\">Design &amp; interior design<\/option>\n\t\t\t\t\t\t\t\t\t<option value=\"Service immobilier\">Real estate service<\/option>\n\t\t\t\t\t\t\t\t\t<option value=\"Autre\">Other<\/option>\n\t\t\t\t\t\t\t<\/select>\n\t\t<\/div>\n\t\t\t\t\t\t<\/div>\n\t\t\t\t\t\t\t\t<div class=\"elementor-field-type-text elementor-field-group elementor-column elementor-field-group-field_9d75c73 elementor-col-50 elementor-field-required\">\n\t\t\t\t\t\t\t\t\t\t\t\t<label for=\"form-field-field_9d75c73\" class=\"elementor-field-label\">\n\t\t\t\t\t\t\t\tProject location:\t\t\t\t\t\t\t<\/label>\n\t\t\t\t\t\t\t\t\t\t\t\t\t\t<input size=\"1\" type=\"text\" name=\"form_fields[field_9d75c73]\" id=\"form-field-field_9d75c73\" class=\"elementor-field elementor-size-sm  elementor-field-textual\" placeholder=\"[City \/ Neighborhood \/ Department]\" required=\"required\">\n\t\t\t\t\t\t\t\t\t\t\t<\/div>\n\t\t\t\t\t\t\t\t<div class=\"elementor-field-type-text elementor-field-group elementor-column elementor-field-group-field_7b60de6 elementor-col-100\">\n\t\t\t\t\t\t\t\t\t\t\t\t<label for=\"form-field-field_7b60de6\" class=\"elementor-field-label\">\n\t\t\t\t\t\t\t\tProject description:\t\t\t\t\t\t\t<\/label>\n\t\t\t\t\t\t\t\t\t\t\t\t\t\t<input size=\"1\" type=\"text\" name=\"form_fields[field_7b60de6]\" id=\"form-field-field_7b60de6\" class=\"elementor-field elementor-size-sm  elementor-field-textual\" placeholder=\"(optional but recommended):\">\n\t\t\t\t\t\t\t\t\t\t\t<\/div>\n\t\t\t\t\t\t\t\t<div class=\"elementor-field-type-html elementor-field-group elementor-column elementor-field-group-field_a20e777 elementor-col-100\">\n\t\t\t\t\tAvailability\t\t\t\t<\/div>\n\t\t\t\t\t\t\t\t<div class=\"elementor-field-type-date elementor-field-group elementor-column elementor-field-group-field_f978bb7 elementor-col-50 elementor-field-required\">\n\t\t\t\t\t\t\t\t\t\t\t\t<label for=\"form-field-field_f978bb7\" class=\"elementor-field-label\">\n\t\t\t\t\t\t\t\tDesired date(s):\t\t\t\t\t\t\t<\/label>\n\t\t\t\t\t\t\n\t\t<input type=\"date\" name=\"form_fields[field_f978bb7]\" id=\"form-field-field_f978bb7\" class=\"elementor-field elementor-size-sm  elementor-field-textual elementor-date-field\" placeholder=\"Desired date(s):\" required=\"required\" pattern=\"[0-9]{4}-[0-9]{2}-[0-9]{2}\">\n\t\t\t\t\t\t<\/div>\n\t\t\t\t\t\t\t\t<div class=\"elementor-field-type-time elementor-field-group elementor-column elementor-field-group-field_5abd1a0 elementor-col-50 elementor-field-required\">\n\t\t\t\t\t\t\t\t\t\t\t\t<label for=\"form-field-field_5abd1a0\" class=\"elementor-field-label\">\n\t\t\t\t\t\t\t\tHour \t\t\t\t\t\t\t<\/label>\n\t\t\t\t\t\t\t\t<input type=\"time\" name=\"form_fields[field_5abd1a0]\" id=\"form-field-field_5abd1a0\" class=\"elementor-field elementor-size-sm  elementor-field-textual elementor-time-field\" placeholder=\"Hour \" required=\"required\">\n\t\t\t\t\t\t<\/div>\n\t\t\t\t\t\t\t\t<div class=\"elementor-field-type-select elementor-field-group elementor-column elementor-field-group-field_8efe545 elementor-col-100 elementor-field-required\">\n\t\t\t\t\t\t\t\t\t\t\t\t<label for=\"form-field-field_8efe545\" class=\"elementor-field-label\">\n\t\t\t\t\t\t\t\tPreference for the appointment:\t\t\t\t\t\t\t<\/label>\n\t\t\t\t\t\t\t\t<div class=\"elementor-field elementor-select-wrapper remove-before\">\n\t\t\t<div class=\"select-caret-down-wrapper\">\n\t\t\t\t<svg aria-hidden=\"true\" class=\"e-font-icon-svg e-eicon-caret-down\" viewbox=\"0 0 571.4 571.4\" xmlns=\"http:\/\/www.w3.org\/2000\/svg\"><path d=\"M571 393Q571 407 561 418L311 668Q300 679 286 679T261 668L11 418Q0 407 0 393T11 368 36 357H536Q550 357 561 368T571 393Z\"><\/path><\/svg>\t\t\t<\/div>\n\t\t\t<select name=\"form_fields[field_8efe545]\" id=\"form-field-field_8efe545\" class=\"elementor-field-textual elementor-size-sm\" required=\"required\">\n\t\t\t\t\t\t\t\t\t<option value=\"En pr\u00e9sentiel au cabinet\">Face-to-face at the office<\/option>\n\t\t\t\t\t\t\t\t\t<option value=\"Par t\u00e9l\u00e9phone\">By phone<\/option>\n\t\t\t\t\t\t\t\t\t<option value=\"En visioconf\u00e9rence (Zoom, Google Meet, etc.)\">By videoconference (Zoom, Google Meet, etc.)<\/option>\n\t\t\t\t\t\t\t<\/select>\n\t\t<\/div>\n\t\t\t\t\t\t<\/div>\n\t\t\t\t\t\t\t\t<div class=\"elementor-field-type-checkbox elementor-field-group elementor-column elementor-field-group-field_6aa1a77 elementor-col-100\">\n\t\t\t\t\t\t\t\t\t\t\t\t<label for=\"form-field-field_6aa1a77\" class=\"elementor-field-label\">\n\t\t\t\t\t\t\t\tConfirmation\t\t\t\t\t\t\t<\/label>\n\t\t\t\t\t\t<div class=\"elementor-field-subgroup\"><span class=\"elementor-field-option\"><input type=\"checkbox\" value=\"Je confirme que les informations fournies sont exactes.\" id=\"form-field-field_6aa1a77-0\" name=\"form_fields[field_6aa1a77][]\"> <label for=\"form-field-field_6aa1a77-0\">I confirm that the information provided is accurate.<\/label><\/span><span class=\"elementor-field-option\"><input type=\"checkbox\" value=\"J\u2019accepte d\u2019\u00eatre contact\u00e9(e) par le cabinet pour finaliser le rendez-vous.\" id=\"form-field-field_6aa1a77-1\" name=\"form_fields[field_6aa1a77][]\"> <label for=\"form-field-field_6aa1a77-1\">I agree to be contacted by the firm to finalize the appointment.<\/label><\/span><\/div>\t\t\t\t<\/div>\n\t\t\t\t\t\t\t\t<div class=\"elementor-field-group elementor-column elementor-field-type-submit elementor-col-30 e-form__buttons\">\n\t\t\t\t\t<button class=\"elementor-button elementor-size-sm\" type=\"submit\">\n\t\t\t\t\t\t<span class=\"elementor-button-content-wrapper\">\n\t\t\t\t\t\t\t\t\t\t\t\t\t\t\t\t\t\t\t\t\t\t<span class=\"elementor-button-text\">Send<\/span>\n\t\t\t\t\t\t\t\t\t\t\t\t\t<\/span>\n\t\t\t\t\t<\/button>\n\t\t\t\t<\/div>\n\t\t\t<\/div>\n\t\t<input type=\"hidden\" name=\"trp-form-language\" value=\"en\"\/><\/form>\n\t\t\t\t\t\t<\/div>\n\t\t\t\t<\/div>\n\t\t\t\t\t<\/div>\n\t\t<\/div>\n\t\t\t\t\t<\/div>\n\t\t<\/div>\n\t\t\t\t<\/div>","protected":false},"excerpt":{"rendered":"<p>Notre Offre Globale Construction &amp; Suivi des Travaux \u00c9tude technique et environnementale Formation Conseils \u00c9tude Architecturale Design &amp; Am\u00e9nagement Int\u00e9rieur Service immobilier Prendre rendez-vous Un projet en t\u00eate ? Parlons-en.<\/p>","protected":false},"author":1,"featured_media":0,"parent":0,"menu_order":0,"comment_status":"closed","ping_status":"closed","template":"","meta":{"inline_featured_image":false,"footnotes":""},"class_list":["post-16738","page","type-page","status-publish","hentry"],"yoast_head":"<!-- This site is optimized with the Yoast SEO plugin v27.4 - https:\/\/yoast.com\/product\/yoast-seo-wordpress\/ -->\n<title>Prendre rendez-vous - Archi-T-Design<\/title>\n<meta name=\"robots\" content=\"index, follow, max-snippet:-1, max-image-preview:large, max-video-preview:-1\" \/>\n<link rel=\"canonical\" href=\"https:\/\/archi-t-design.com\/en\/prendre-rendez-vous\/\" \/>\n<meta property=\"og:locale\" content=\"en_US\" \/>\n<meta property=\"og:type\" content=\"article\" \/>\n<meta property=\"og:title\" content=\"Prendre rendez-vous - Archi-T-Design\" \/>\n<meta property=\"og:description\" content=\"Notre Offre Globale Construction &amp; Suivi des Travaux \u00c9tude technique et environnementale Formation Conseils \u00c9tude Architecturale Design &amp; Am\u00e9nagement Int\u00e9rieur Service immobilier Prendre rendez-vous Un projet en t\u00eate ? Parlons-en.\" \/>\n<meta property=\"og:url\" content=\"https:\/\/archi-t-design.com\/en\/prendre-rendez-vous\/\" \/>\n<meta property=\"og:site_name\" content=\"Archi-T-Design\" \/>\n<meta property=\"article:publisher\" content=\"https:\/\/www.facebook.com\/share\/1Gi7LDwdM6\/\" \/>\n<meta property=\"article:modified_time\" content=\"2025-07-30T11:35:06+00:00\" \/>\n<meta name=\"twitter:card\" content=\"summary_large_image\" \/>\n<script type=\"application\/ld+json\" class=\"yoast-schema-graph\">{\"@context\":\"https:\\\/\\\/schema.org\",\"@graph\":[{\"@type\":\"WebPage\",\"@id\":\"https:\\\/\\\/archi-t-design.com\\\/prendre-rendez-vous\\\/\",\"url\":\"https:\\\/\\\/archi-t-design.com\\\/prendre-rendez-vous\\\/\",\"name\":\"Prendre rendez-vous - Archi-T-Design\",\"isPartOf\":{\"@id\":\"https:\\\/\\\/archi-t-design.com\\\/#website\"},\"datePublished\":\"2025-07-30T10:59:24+00:00\",\"dateModified\":\"2025-07-30T11:35:06+00:00\",\"breadcrumb\":{\"@id\":\"https:\\\/\\\/archi-t-design.com\\\/prendre-rendez-vous\\\/#breadcrumb\"},\"inLanguage\":\"en-US\",\"potentialAction\":[{\"@type\":\"ReadAction\",\"target\":[\"https:\\\/\\\/archi-t-design.com\\\/prendre-rendez-vous\\\/\"]}]},{\"@type\":\"BreadcrumbList\",\"@id\":\"https:\\\/\\\/archi-t-design.com\\\/prendre-rendez-vous\\\/#breadcrumb\",\"itemListElement\":[{\"@type\":\"ListItem\",\"position\":1,\"name\":\"Accueil\",\"item\":\"https:\\\/\\\/archi-t-design.com\\\/\"},{\"@type\":\"ListItem\",\"position\":2,\"name\":\"Prendre rendez-vous\"}]},{\"@type\":\"WebSite\",\"@id\":\"https:\\\/\\\/archi-t-design.com\\\/#website\",\"url\":\"https:\\\/\\\/archi-t-design.com\\\/\",\"name\":\"Archi-T-Design\",\"description\":\"Our ideal, make your dreams come true\",\"publisher\":{\"@id\":\"https:\\\/\\\/archi-t-design.com\\\/#organization\"},\"potentialAction\":[{\"@type\":\"SearchAction\",\"target\":{\"@type\":\"EntryPoint\",\"urlTemplate\":\"https:\\\/\\\/archi-t-design.com\\\/?s={search_term_string}\"},\"query-input\":{\"@type\":\"PropertyValueSpecification\",\"valueRequired\":true,\"valueName\":\"search_term_string\"}}],\"inLanguage\":\"en-US\"},{\"@type\":\"Organization\",\"@id\":\"https:\\\/\\\/archi-t-design.com\\\/#organization\",\"name\":\"Archi-T-Design\",\"url\":\"https:\\\/\\\/archi-t-design.com\\\/\",\"logo\":{\"@type\":\"ImageObject\",\"inLanguage\":\"en-US\",\"@id\":\"https:\\\/\\\/archi-t-design.com\\\/#\\\/schema\\\/logo\\\/image\\\/\",\"url\":\"https:\\\/\\\/archi-t-design.com\\\/wp-content\\\/uploads\\\/2025\\\/06\\\/Logo-archi-T-design.png\",\"contentUrl\":\"https:\\\/\\\/archi-t-design.com\\\/wp-content\\\/uploads\\\/2025\\\/06\\\/Logo-archi-T-design.png\",\"width\":610,\"height\":222,\"caption\":\"Archi-T-Design\"},\"image\":{\"@id\":\"https:\\\/\\\/archi-t-design.com\\\/#\\\/schema\\\/logo\\\/image\\\/\"},\"sameAs\":[\"https:\\\/\\\/www.facebook.com\\\/share\\\/1Gi7LDwdM6\\\/\"]}]}<\/script>\n<!-- \/ Yoast SEO plugin. -->","yoast_head_json":{"title":"Prendre rendez-vous - Archi-T-Design","robots":{"index":"index","follow":"follow","max-snippet":"max-snippet:-1","max-image-preview":"max-image-preview:large","max-video-preview":"max-video-preview:-1"},"canonical":"https:\/\/archi-t-design.com\/en\/prendre-rendez-vous\/","og_locale":"en_US","og_type":"article","og_title":"Prendre rendez-vous - Archi-T-Design","og_description":"Notre Offre Globale Construction &amp; Suivi des Travaux \u00c9tude technique et environnementale Formation Conseils \u00c9tude Architecturale Design &amp; Am\u00e9nagement Int\u00e9rieur Service immobilier Prendre rendez-vous Un projet en t\u00eate ? Parlons-en.","og_url":"https:\/\/archi-t-design.com\/en\/prendre-rendez-vous\/","og_site_name":"Archi-T-Design","article_publisher":"https:\/\/www.facebook.com\/share\/1Gi7LDwdM6\/","article_modified_time":"2025-07-30T11:35:06+00:00","twitter_card":"summary_large_image","schema":{"@context":"https:\/\/schema.org","@graph":[{"@type":"WebPage","@id":"https:\/\/archi-t-design.com\/prendre-rendez-vous\/","url":"https:\/\/archi-t-design.com\/prendre-rendez-vous\/","name":"Prendre rendez-vous - Archi-T-Design","isPartOf":{"@id":"https:\/\/archi-t-design.com\/#website"},"datePublished":"2025-07-30T10:59:24+00:00","dateModified":"2025-07-30T11:35:06+00:00","breadcrumb":{"@id":"https:\/\/archi-t-design.com\/prendre-rendez-vous\/#breadcrumb"},"inLanguage":"en-US","potentialAction":[{"@type":"ReadAction","target":["https:\/\/archi-t-design.com\/prendre-rendez-vous\/"]}]},{"@type":"BreadcrumbList","@id":"https:\/\/archi-t-design.com\/prendre-rendez-vous\/#breadcrumb","itemListElement":[{"@type":"ListItem","position":1,"name":"Accueil","item":"https:\/\/archi-t-design.com\/"},{"@type":"ListItem","position":2,"name":"Prendre rendez-vous"}]},{"@type":"WebSite","@id":"https:\/\/archi-t-design.com\/#website","url":"https:\/\/archi-t-design.com\/","name":"Archi-T-Design","description":"Our ideal, make your dreams come true","publisher":{"@id":"https:\/\/archi-t-design.com\/#organization"},"potentialAction":[{"@type":"SearchAction","target":{"@type":"EntryPoint","urlTemplate":"https:\/\/archi-t-design.com\/?s={search_term_string}"},"query-input":{"@type":"PropertyValueSpecification","valueRequired":true,"valueName":"search_term_string"}}],"inLanguage":"en-US"},{"@type":"Organization","@id":"https:\/\/archi-t-design.com\/#organization","name":"Archi-T-Design","url":"https:\/\/archi-t-design.com\/","logo":{"@type":"ImageObject","inLanguage":"en-US","@id":"https:\/\/archi-t-design.com\/#\/schema\/logo\/image\/","url":"https:\/\/archi-t-design.com\/wp-content\/uploads\/2025\/06\/Logo-archi-T-design.png","contentUrl":"https:\/\/archi-t-design.com\/wp-content\/uploads\/2025\/06\/Logo-archi-T-design.png","width":610,"height":222,"caption":"Archi-T-Design"},"image":{"@id":"https:\/\/archi-t-design.com\/#\/schema\/logo\/image\/"},"sameAs":["https:\/\/www.facebook.com\/share\/1Gi7LDwdM6\/"]}]}},"_links":{"self":[{"href":"https:\/\/archi-t-design.com\/en\/wp-json\/wp\/v2\/pages\/16738","targetHints":{"allow":["GET"]}}],"collection":[{"href":"https:\/\/archi-t-design.com\/en\/wp-json\/wp\/v2\/pages"}],"about":[{"href":"https:\/\/archi-t-design.com\/en\/wp-json\/wp\/v2\/types\/page"}],"author":[{"embeddable":true,"href":"https:\/\/archi-t-design.com\/en\/wp-json\/wp\/v2\/users\/1"}],"replies":[{"embeddable":true,"href":"https:\/\/archi-t-design.com\/en\/wp-json\/wp\/v2\/comments?post=16738"}],"version-history":[{"count":8,"href":"https:\/\/archi-t-design.com\/en\/wp-json\/wp\/v2\/pages\/16738\/revisions"}],"predecessor-version":[{"id":16749,"href":"https:\/\/archi-t-design.com\/en\/wp-json\/wp\/v2\/pages\/16738\/revisions\/16749"}],"wp:attachment":[{"href":"https:\/\/archi-t-design.com\/en\/wp-json\/wp\/v2\/media?parent=16738"}],"curies":[{"name":"wp","href":"https:\/\/api.w.org\/{rel}","templated":true}]}}